{"id":2211,"date":"2024-04-17T15:43:22","date_gmt":"2024-04-17T19:43:22","guid":{"rendered":"https:\/\/artefactjewelry.com\/product\/bracelet-damethyste-et-dhowlite-avec-spacer-en-argent\/"},"modified":"2025-09-09T15:29:01","modified_gmt":"2025-09-09T19:29:01","slug":"bracelet-damethyste-et-dhowlite-avec-spacer-en-argent","status":"publish","type":"product","link":"https:\/\/artefactjewelry.com\/fr\/produit\/bracelet-damethyste-et-dhowlite-avec-spacer-en-argent\/","title":{"rendered":"Bracelet d&rsquo;Am\u00e9thyste et d&rsquo;Howlite avec spacer en Argent"},"content":{"rendered":"<ul>\n<li>Am\u00e9thyste mauve fonc\u00e9e ronde et taill\u00e9e en \u00e9toile 6mm<\/li>\n<li>Howlite rond 6mm<\/li>\n<li>Spacer plaqu\u00e9 en argent 6x2mm &amp; 4x2mm<\/li>\n<li>Cordon \u00e9lastique extensible<\/li>\n<li>Perle Artefact en argent<\/li>\n<\/ul>\n<p>&nbsp;<\/p>\n<p><strong>Selon la mythologie grecque,<\/strong><\/p>\n<p>L&rsquo;am\u00e9thyste \u00e9tait associ\u00e9e \u00e0 Dionysos, le dieu du vin et de la f\u00eate. La l\u00e9gende raconte qu&rsquo;une jeune fille nomm\u00e9e Am\u00e9thystos \u00e9tait poursuivie par Dionysos et elle pria les dieux de rester chaste. Les dieux ont r\u00e9pondu \u00e0 sa pri\u00e8re en la transformant en pierre blanche (quartz clair). Pris de remords, Dionysos versa du vin sur la pierre en guise d&rsquo;offrande, ce qui teinta les cristaux en violet.<\/p>\n<p>&nbsp;<\/p>\n","protected":false},"excerpt":{"rendered":"<p>Am\u00e9thyste mauve fonc\u00e9e ronde et taill\u00e9e en \u00e9toile 6mm Howlite rond 6mm Spacer plaqu\u00e9 en argent 6x2mm &amp; 4x2mm Cordon \u00e9lastique extensible Perle Artefact en argent &nbsp; Selon la mythologie grecque, L&rsquo;am\u00e9thyste \u00e9tait associ\u00e9e \u00e0 Dionysos, le dieu du vin et de la f\u00eate. La l\u00e9gende raconte qu&rsquo;une jeune fille nomm\u00e9e Am\u00e9thystos \u00e9tait poursuivie par [&hellip;]<\/p>\n","protected":false},"featured_media":2546,"template":"","meta":[],"product_brand":[],"product_cat":[187,128,131,130],"product_tag":[161,190,133,134,198,189,163,162],"class_list":{"0":"post-2211","1":"product","2":"type-product","3":"status-publish","4":"has-post-thumbnail","6":"product_cat-bracelets-fr-2","7":"product_cat-femmes","8":"product_cat-grecque-fr","9":"product_cat-tous-les-bijoux-pour-femmes","10":"product_tag-amethyste","11":"product_tag-argent-fr","12":"product_tag-blanc-fr","13":"product_tag-blanc-fr-2","14":"product_tag-howlite-fr","15":"product_tag-largent","16":"product_tag-mauve-fr","17":"product_tag-violet","18":"pa_womens-bracelets-size-small","19":"pa_womens-bracelets-size-medium-6-1-2-inch","20":"pa_womens-bracelets-size-large-7-inch","21":"pa_womens-bracelets-size-x-large-7-1-2-inch","23":"first","24":"instock","25":"sale","26":"taxable","27":"shipping-taxable","28":"purchasable","29":"product-type-variable"},"_links":{"self":[{"href":"https:\/\/artefactjewelry.com\/fr\/wp-json\/wp\/v2\/product\/2211","targetHints":{"allow":["GET"]}}],"collection":[{"href":"https:\/\/artefactjewelry.com\/fr\/wp-json\/wp\/v2\/product"}],"about":[{"href":"https:\/\/artefactjewelry.com\/fr\/wp-json\/wp\/v2\/types\/product"}],"wp:featuredmedia":[{"embeddable":true,"href":"https:\/\/artefactjewelry.com\/fr\/wp-json\/wp\/v2\/media\/2546"}],"wp:attachment":[{"href":"https:\/\/artefactjewelry.com\/fr\/wp-json\/wp\/v2\/media?parent=2211"}],"wp:term":[{"taxonomy":"product_brand","embeddable":true,"href":"https:\/\/artefactjewelry.com\/fr\/wp-json\/wp\/v2\/product_brand?post=2211"},{"taxonomy":"product_cat","embeddable":true,"href":"https:\/\/artefactjewelry.com\/fr\/wp-json\/wp\/v2\/product_cat?post=2211"},{"taxonomy":"product_tag","embeddable":true,"href":"https:\/\/artefactjewelry.com\/fr\/wp-json\/wp\/v2\/product_tag?post=2211"}],"curies":[{"name":"wp","href":"https:\/\/api.w.org\/{rel}","templated":true}]}}