{"id":2216,"date":"2024-04-17T15:20:30","date_gmt":"2024-04-17T19:20:30","guid":{"rendered":"https:\/\/artefactjewelry.com\/product\/bracelet-de-jaspe-et-daigue-marine-avec-spacer-en-or\/"},"modified":"2025-09-09T15:29:02","modified_gmt":"2025-09-09T19:29:02","slug":"bracelet-de-jaspe-et-daigue-marine-avec-spacer-en-or","status":"publish","type":"product","link":"https:\/\/artefactjewelry.com\/fr\/produit\/bracelet-de-jaspe-et-daigue-marine-avec-spacer-en-or\/","title":{"rendered":"Jaspe et Jade de Malaisie avec perles d&rsquo;entretoise en or"},"content":{"rendered":"<ul>\n<li>Jaspe picture rond 6mm<\/li>\n<li>Turquoise africaine (Jaspe) rondelle 6x2mm<\/li>\n<li>Jade de Malaisie rond 6mm<\/li>\n<li>Spacer plaqu\u00e9 Or<\/li>\n<li>Cordon \u00e9lastique extensible<\/li>\n<li>Perle Artefact en Or<\/li>\n<\/ul>\n<p>&nbsp;<\/p>\n<p><strong>Selon les anciens Mayas,<\/strong><\/p>\n<p>Le Jaspe \u00e9tait directement li\u00e9 \u00e0 la nature et \u00e0 la terre. On croyait que porter du jaspe pouvait favoriser la sant\u00e9 physique et spirituelle, offrant une protection contre les maladies et les \u00e9nergies n\u00e9gatives.<\/p>\n<p>&nbsp;<\/p>\n","protected":false},"excerpt":{"rendered":"<p>Jaspe picture rond 6mm Turquoise africaine (Jaspe) rondelle 6x2mm Jade de Malaisie rond 6mm Spacer plaqu\u00e9 Or Cordon \u00e9lastique extensible Perle Artefact en Or &nbsp; Selon les anciens Mayas, Le Jaspe \u00e9tait directement li\u00e9 \u00e0 la nature et \u00e0 la terre. On croyait que porter du jaspe pouvait favoriser la sant\u00e9 physique et spirituelle, offrant [&hellip;]<\/p>\n","protected":false},"featured_media":2540,"template":"","meta":[],"product_brand":[],"product_cat":[187,128,192,130],"product_tag":[191,168,166,173,167,149,132,136],"class_list":{"0":"post-2216","1":"product","2":"type-product","3":"status-publish","4":"has-post-thumbnail","6":"product_cat-bracelets-fr-2","7":"product_cat-femmes","8":"product_cat-maya-fr-2","9":"product_cat-tous-les-bijoux-pour-femmes","10":"product_tag-aigue-marine","11":"product_tag-bleu-fr-2","12":"product_tag-bleu-fr","13":"product_tag-brun-fr-2","14":"product_tag-brun-fr","15":"product_tag-jaspe","16":"product_tag-lor","17":"product_tag-or-fr","18":"pa_womens-bracelets-size-small","19":"pa_womens-bracelets-size-medium-6-1-2-inch","20":"pa_womens-bracelets-size-large-7-inch","21":"pa_womens-bracelets-size-x-large-7-1-2-inch","23":"first","24":"instock","25":"sale","26":"taxable","27":"shipping-taxable","28":"purchasable","29":"product-type-variable"},"_links":{"self":[{"href":"https:\/\/artefactjewelry.com\/fr\/wp-json\/wp\/v2\/product\/2216","targetHints":{"allow":["GET"]}}],"collection":[{"href":"https:\/\/artefactjewelry.com\/fr\/wp-json\/wp\/v2\/product"}],"about":[{"href":"https:\/\/artefactjewelry.com\/fr\/wp-json\/wp\/v2\/types\/product"}],"wp:featuredmedia":[{"embeddable":true,"href":"https:\/\/artefactjewelry.com\/fr\/wp-json\/wp\/v2\/media\/2540"}],"wp:attachment":[{"href":"https:\/\/artefactjewelry.com\/fr\/wp-json\/wp\/v2\/media?parent=2216"}],"wp:term":[{"taxonomy":"product_brand","embeddable":true,"href":"https:\/\/artefactjewelry.com\/fr\/wp-json\/wp\/v2\/product_brand?post=2216"},{"taxonomy":"product_cat","embeddable":true,"href":"https:\/\/artefactjewelry.com\/fr\/wp-json\/wp\/v2\/product_cat?post=2216"},{"taxonomy":"product_tag","embeddable":true,"href":"https:\/\/artefactjewelry.com\/fr\/wp-json\/wp\/v2\/product_tag?post=2216"}],"curies":[{"name":"wp","href":"https:\/\/api.w.org\/{rel}","templated":true}]}}