{"id":2221,"date":"2024-04-16T14:04:28","date_gmt":"2024-04-16T18:04:28","guid":{"rendered":"https:\/\/artefactjewelry.com\/product\/bracelet-en-quartz-rose-et-aventurine-verte-avec-spacer-en-argent-ou-en-or\/"},"modified":"2025-09-09T15:29:04","modified_gmt":"2025-09-09T19:29:04","slug":"bracelet-en-quartz-rose-et-aventurine-verte-avec-spacer-en-argent-ou-en-or","status":"publish","type":"product","link":"https:\/\/artefactjewelry.com\/fr\/produit\/bracelet-en-quartz-rose-et-aventurine-verte-avec-spacer-en-argent-ou-en-or\/","title":{"rendered":"Bracelet en Quartz Rose et Aventurine Verte avec Spacer en Argent ou en Or"},"content":{"rendered":"<ul>\n<li>Quartz rose 6mm<\/li>\n<li>Aventurine verte 6mm<\/li>\n<li>Cordon \u00e9lastique extensible<\/li>\n<li>Perle Artefact en Argent ou en Or<\/li>\n<\/ul>\n<p>&nbsp;<\/p>\n<p><strong>Selon les anciens Mayas,<\/strong><\/p>\n<p>La couleur rose \u00e9tait associ\u00e9e \u00e0 l&rsquo;amour, \u00e0 la beaut\u00e9 et \u00e0 la f\u00e9minit\u00e9. Le vert repr\u00e9sentait la nature, les plantes et la terre. Ce m\u00e9lange de couleurs associe l&rsquo;amour et la nature qui offrira au porteur un v\u00e9ritable amour de soi et de tout ce qui l&rsquo;entoure.<\/p>\n<p>&nbsp;<\/p>\n","protected":false},"excerpt":{"rendered":"<p>Quartz rose 6mm Aventurine verte 6mm Cordon \u00e9lastique extensible Perle Artefact en Argent ou en Or &nbsp; Selon les anciens Mayas, La couleur rose \u00e9tait associ\u00e9e \u00e0 l&rsquo;amour, \u00e0 la beaut\u00e9 et \u00e0 la f\u00e9minit\u00e9. Le vert repr\u00e9sentait la nature, les plantes et la terre. Ce m\u00e9lange de couleurs associe l&rsquo;amour et la nature qui [&hellip;]<\/p>\n","protected":false},"featured_media":1983,"template":"","meta":[],"product_brand":[],"product_cat":[187,128,192,130],"product_tag":[138,193,139,172],"class_list":{"0":"post-2221","1":"product","2":"type-product","3":"status-publish","4":"has-post-thumbnail","6":"product_cat-bracelets-fr-2","7":"product_cat-femmes","8":"product_cat-maya-fr-2","9":"product_cat-tous-les-bijoux-pour-femmes","10":"product_tag-aventurine-fr","11":"product_tag-quartz-fr","12":"product_tag-rose-fr","13":"product_tag-vert-fr","14":"pa_womens-bracelets-size-small","15":"pa_womens-bracelets-size-medium-6-1-2-inch","16":"pa_womens-bracelets-size-large-7-inch","17":"pa_womens-bracelets-size-x-large-7-1-2-inch","19":"first","20":"instock","21":"sale","22":"taxable","23":"shipping-taxable","24":"purchasable","25":"product-type-variable"},"_links":{"self":[{"href":"https:\/\/artefactjewelry.com\/fr\/wp-json\/wp\/v2\/product\/2221","targetHints":{"allow":["GET"]}}],"collection":[{"href":"https:\/\/artefactjewelry.com\/fr\/wp-json\/wp\/v2\/product"}],"about":[{"href":"https:\/\/artefactjewelry.com\/fr\/wp-json\/wp\/v2\/types\/product"}],"wp:featuredmedia":[{"embeddable":true,"href":"https:\/\/artefactjewelry.com\/fr\/wp-json\/wp\/v2\/media\/1983"}],"wp:attachment":[{"href":"https:\/\/artefactjewelry.com\/fr\/wp-json\/wp\/v2\/media?parent=2221"}],"wp:term":[{"taxonomy":"product_brand","embeddable":true,"href":"https:\/\/artefactjewelry.com\/fr\/wp-json\/wp\/v2\/product_brand?post=2221"},{"taxonomy":"product_cat","embeddable":true,"href":"https:\/\/artefactjewelry.com\/fr\/wp-json\/wp\/v2\/product_cat?post=2221"},{"taxonomy":"product_tag","embeddable":true,"href":"https:\/\/artefactjewelry.com\/fr\/wp-json\/wp\/v2\/product_tag?post=2221"}],"curies":[{"name":"wp","href":"https:\/\/api.w.org\/{rel}","templated":true}]}}