{"id":2226,"date":"2024-04-16T12:06:20","date_gmt":"2024-04-16T16:06:20","guid":{"rendered":"https:\/\/artefactjewelry.com\/product\/bracelet-en-turquoise-et-jaspe\/"},"modified":"2025-09-09T15:29:05","modified_gmt":"2025-09-09T19:29:05","slug":"bracelet-en-turquoise-et-jaspe","status":"publish","type":"product","link":"https:\/\/artefactjewelry.com\/fr\/produit\/bracelet-en-turquoise-et-jaspe\/","title":{"rendered":"Bracelet en Turquoise et Jaspe"},"content":{"rendered":"<ul>\n<li>Turquoise naturelle ronde 6mm<\/li>\n<li>Jaspe picture rond 6mm<\/li>\n<li>Jaspe picutre rondelle 4x2mm<\/li>\n<li>Cordon en nylon ajustable<\/li>\n<li>Nameplate Artefact en Or<\/li>\n<\/ul>\n<p>&nbsp;<\/p>\n<p><strong>Selon les anciens Mayas,<\/strong><\/p>\n<p>La turquoise \u00e9tait souvent associ\u00e9e \u00e0 l&rsquo;eau et au ciel, deux \u00e9l\u00e9ments essentiels de la cosmologie maya. On lui attribuait des propri\u00e9t\u00e9s protectrices et curatives. Elle \u00e9tait utilis\u00e9e comme amulette pour \u00e9loigner les mauvais esprits, prot\u00e9ger des malheurs et favoriser la sant\u00e9 et la chance.<\/p>\n<p>&nbsp;<\/p>\n","protected":false},"excerpt":{"rendered":"<p>Turquoise naturelle ronde 6mm Jaspe picture rond 6mm Jaspe picutre rondelle 4x2mm Cordon en nylon ajustable Nameplate Artefact en Or &nbsp; Selon les anciens Mayas, La turquoise \u00e9tait souvent associ\u00e9e \u00e0 l&rsquo;eau et au ciel, deux \u00e9l\u00e9ments essentiels de la cosmologie maya. On lui attribuait des propri\u00e9t\u00e9s protectrices et curatives. Elle \u00e9tait utilis\u00e9e comme amulette [&hellip;]<\/p>\n","protected":false},"featured_media":1863,"template":"","meta":[],"product_brand":[],"product_cat":[187,128,192],"product_tag":[149,181],"class_list":{"0":"post-2226","1":"product","2":"type-product","3":"status-publish","4":"has-post-thumbnail","6":"product_cat-bracelets-fr-2","7":"product_cat-femmes","8":"product_cat-maya-fr-2","9":"product_tag-jaspe","10":"product_tag-turquoise-fr","11":"pa_womens-bracelets-size-small","12":"pa_womens-bracelets-size-medium-6-1-2-inch","13":"pa_womens-bracelets-size-large-7-inch","14":"pa_womens-bracelets-size-x-large-7-1-2-inch","16":"first","17":"instock","18":"sale","19":"taxable","20":"shipping-taxable","21":"purchasable","22":"product-type-variable"},"_links":{"self":[{"href":"https:\/\/artefactjewelry.com\/fr\/wp-json\/wp\/v2\/product\/2226","targetHints":{"allow":["GET"]}}],"collection":[{"href":"https:\/\/artefactjewelry.com\/fr\/wp-json\/wp\/v2\/product"}],"about":[{"href":"https:\/\/artefactjewelry.com\/fr\/wp-json\/wp\/v2\/types\/product"}],"wp:featuredmedia":[{"embeddable":true,"href":"https:\/\/artefactjewelry.com\/fr\/wp-json\/wp\/v2\/media\/1863"}],"wp:attachment":[{"href":"https:\/\/artefactjewelry.com\/fr\/wp-json\/wp\/v2\/media?parent=2226"}],"wp:term":[{"taxonomy":"product_brand","embeddable":true,"href":"https:\/\/artefactjewelry.com\/fr\/wp-json\/wp\/v2\/product_brand?post=2226"},{"taxonomy":"product_cat","embeddable":true,"href":"https:\/\/artefactjewelry.com\/fr\/wp-json\/wp\/v2\/product_cat?post=2226"},{"taxonomy":"product_tag","embeddable":true,"href":"https:\/\/artefactjewelry.com\/fr\/wp-json\/wp\/v2\/product_tag?post=2226"}],"curies":[{"name":"wp","href":"https:\/\/api.w.org\/{rel}","templated":true}]}}