{"id":2231,"date":"2024-04-16T11:56:29","date_gmt":"2024-04-16T15:56:29","guid":{"rendered":"https:\/\/artefactjewelry.com\/product\/bracelet-dancienne-agate-et-de-veine-de-dragon\/"},"modified":"2024-06-22T16:25:05","modified_gmt":"2024-06-22T20:25:05","slug":"bracelet-dancienne-agate-et-de-veine-de-dragon","status":"publish","type":"product","link":"https:\/\/artefactjewelry.com\/fr\/produit\/bracelet-dancienne-agate-et-de-veine-de-dragon\/","title":{"rendered":"Bracelet d&rsquo;ancienne Agate et de veine de dragon"},"content":{"rendered":"<ul>\n<li>Agate veine de dragon 6mm<\/li>\n<li>Agate ancienne (chauff\u00e9e et trait\u00e9e) 6mm<\/li>\n<li>Cordon \u00e9lastique extensible<\/li>\n<li>Perle Artefact en or<\/li>\n<\/ul>\n<p>&nbsp;<\/p>\n<p><strong>Selon les anciens Mayas,<\/strong><\/p>\n<p>L&rsquo;agate symbolise un lien profond avec la terre et le monde souterrain. Ce lien pourrait repr\u00e9senter le cycle de la vie, un aspect important de la mythologie maya. Avec ses propri\u00e9t\u00e9s apaisantes et stabilisatrices, l&rsquo;agate a \u00e9t\u00e9 utilis\u00e9e pour faciliter la communication, notamment dans les rituels impliquant la divination.<\/p>\n<p>&nbsp;<\/p>\n","protected":false},"excerpt":{"rendered":"<p>Agate veine de dragon 6mm Agate ancienne (chauff\u00e9e et trait\u00e9e) 6mm Cordon \u00e9lastique extensible Perle Artefact en or &nbsp; Selon les anciens Mayas, L&rsquo;agate symbolise un lien profond avec la terre et le monde souterrain. Ce lien pourrait repr\u00e9senter le cycle de la vie, un aspect important de la mythologie maya. Avec ses propri\u00e9t\u00e9s apaisantes [&hellip;]<\/p>\n","protected":false},"featured_media":1764,"template":"","meta":[],"product_brand":[],"product_cat":[187,128,192,130],"product_tag":[178],"class_list":{"0":"post-2231","1":"product","2":"type-product","3":"status-publish","4":"has-post-thumbnail","6":"product_cat-bracelets-fr-2","7":"product_cat-femmes","8":"product_cat-maya-fr-2","9":"product_cat-tous-les-bijoux-pour-femmes","10":"product_tag-agate-fr","11":"pa_womens-bracelets-size-small","12":"pa_womens-bracelets-size-medium-6-1-2-inch","13":"pa_womens-bracelets-size-large-7-inch","14":"pa_womens-bracelets-size-x-large-7-1-2-inch","16":"first","17":"instock","18":"sale","19":"taxable","20":"shipping-taxable","21":"purchasable","22":"product-type-variable"},"_links":{"self":[{"href":"https:\/\/artefactjewelry.com\/fr\/wp-json\/wp\/v2\/product\/2231","targetHints":{"allow":["GET"]}}],"collection":[{"href":"https:\/\/artefactjewelry.com\/fr\/wp-json\/wp\/v2\/product"}],"about":[{"href":"https:\/\/artefactjewelry.com\/fr\/wp-json\/wp\/v2\/types\/product"}],"wp:featuredmedia":[{"embeddable":true,"href":"https:\/\/artefactjewelry.com\/fr\/wp-json\/wp\/v2\/media\/1764"}],"wp:attachment":[{"href":"https:\/\/artefactjewelry.com\/fr\/wp-json\/wp\/v2\/media?parent=2231"}],"wp:term":[{"taxonomy":"product_brand","embeddable":true,"href":"https:\/\/artefactjewelry.com\/fr\/wp-json\/wp\/v2\/product_brand?post=2231"},{"taxonomy":"product_cat","embeddable":true,"href":"https:\/\/artefactjewelry.com\/fr\/wp-json\/wp\/v2\/product_cat?post=2231"},{"taxonomy":"product_tag","embeddable":true,"href":"https:\/\/artefactjewelry.com\/fr\/wp-json\/wp\/v2\/product_tag?post=2231"}],"curies":[{"name":"wp","href":"https:\/\/api.w.org\/{rel}","templated":true}]}}