{"id":2236,"date":"2024-04-16T11:25:27","date_gmt":"2024-04-16T15:25:27","guid":{"rendered":"https:\/\/artefactjewelry.com\/product\/bracelet-de-cornaline-de-jade-jaune-doeil-de-tigre-et-dagate-blanche-craquelee-avec-spacer-en-or\/"},"modified":"2025-09-09T15:29:07","modified_gmt":"2025-09-09T19:29:07","slug":"bracelet-de-cornaline-de-jade-jaune-doeil-de-tigre-et-dagate-blanche-craquelee-avec-spacer-en-or","status":"publish","type":"product","link":"https:\/\/artefactjewelry.com\/fr\/produit\/bracelet-de-cornaline-de-jade-jaune-doeil-de-tigre-et-dagate-blanche-craquelee-avec-spacer-en-or\/","title":{"rendered":"Bracelet de Cornaline, de Jade jaune, d&rsquo;Oeil de tigre et d&rsquo;Agate blanche craquel\u00e9e avec spacer en Or"},"content":{"rendered":"<ul>\n<li>Cornaline 6mm (orange)<\/li>\n<li>Jade jaune 6mm<\/li>\n<li>Oeil de tigre 6mm<\/li>\n<li>Agate blanche craquel\u00e9e 5 mm<\/li>\n<li>Spacer en or<\/li>\n<\/ul>\n<p>&nbsp;<\/p>\n<p><strong>Selon les anciens Mayas,<\/strong><\/p>\n<p>Les bijoux fabriqu\u00e9s \u00e0 partir de jade n&rsquo;\u00e9taient pas seulement utilis\u00e9s comme ornement mais \u00e9taient impr\u00e9gn\u00e9s d&rsquo;une profonde signification spirituelle. Servant de talisman pour promouvoir la vitalit\u00e9 et l&rsquo;abondance.<\/p>\n<p>&nbsp;<\/p>\n","protected":false},"excerpt":{"rendered":"<p>Cornaline 6mm (orange) Jade jaune 6mm Oeil de tigre 6mm Agate blanche craquel\u00e9e 5 mm Spacer en or &nbsp; Selon les anciens Mayas, Les bijoux fabriqu\u00e9s \u00e0 partir de jade n&rsquo;\u00e9taient pas seulement utilis\u00e9s comme ornement mais \u00e9taient impr\u00e9gn\u00e9s d&rsquo;une profonde signification spirituelle. Servant de talisman pour promouvoir la vitalit\u00e9 et l&rsquo;abondance. &nbsp;<\/p>\n","protected":false},"featured_media":1867,"template":"","meta":[],"product_brand":[],"product_cat":[187,128,192,124,130],"product_tag":[178,196,135,132,199],"class_list":{"0":"post-2236","1":"product","2":"type-product","3":"status-publish","4":"has-post-thumbnail","6":"product_cat-bracelets-fr-2","7":"product_cat-femmes","8":"product_cat-maya-fr-2","9":"product_cat-non-classe","10":"product_cat-tous-les-bijoux-pour-femmes","11":"product_tag-agate-fr","12":"product_tag-cornaline","13":"product_tag-jade-fr","14":"product_tag-lor","15":"product_tag-oeil-de-tigre","16":"pa_womens-bracelets-size-small","17":"pa_womens-bracelets-size-medium-6-1-2-inch","18":"pa_womens-bracelets-size-large-7-inch","19":"pa_womens-bracelets-size-x-large-7-1-2-inch","21":"first","22":"instock","23":"sale","24":"taxable","25":"shipping-taxable","26":"purchasable","27":"product-type-variable"},"_links":{"self":[{"href":"https:\/\/artefactjewelry.com\/fr\/wp-json\/wp\/v2\/product\/2236","targetHints":{"allow":["GET"]}}],"collection":[{"href":"https:\/\/artefactjewelry.com\/fr\/wp-json\/wp\/v2\/product"}],"about":[{"href":"https:\/\/artefactjewelry.com\/fr\/wp-json\/wp\/v2\/types\/product"}],"wp:featuredmedia":[{"embeddable":true,"href":"https:\/\/artefactjewelry.com\/fr\/wp-json\/wp\/v2\/media\/1867"}],"wp:attachment":[{"href":"https:\/\/artefactjewelry.com\/fr\/wp-json\/wp\/v2\/media?parent=2236"}],"wp:term":[{"taxonomy":"product_brand","embeddable":true,"href":"https:\/\/artefactjewelry.com\/fr\/wp-json\/wp\/v2\/product_brand?post=2236"},{"taxonomy":"product_cat","embeddable":true,"href":"https:\/\/artefactjewelry.com\/fr\/wp-json\/wp\/v2\/product_cat?post=2236"},{"taxonomy":"product_tag","embeddable":true,"href":"https:\/\/artefactjewelry.com\/fr\/wp-json\/wp\/v2\/product_tag?post=2236"}],"curies":[{"name":"wp","href":"https:\/\/api.w.org\/{rel}","templated":true}]}}