{"id":2241,"date":"2024-04-15T18:09:11","date_gmt":"2024-04-15T22:09:11","guid":{"rendered":"https:\/\/artefactjewelry.com\/product\/bracelet-de-jade-citron-et-doeil-de-tigre-avec-spacer-en-or\/"},"modified":"2025-09-09T15:29:09","modified_gmt":"2025-09-09T19:29:09","slug":"bracelet-de-jade-citron-et-doeil-de-tigre-avec-spacer-en-or","status":"publish","type":"product","link":"https:\/\/artefactjewelry.com\/fr\/produit\/bracelet-de-jade-citron-et-doeil-de-tigre-avec-spacer-en-or\/","title":{"rendered":"Bracelet de Jade Citron et d&rsquo;Oeil de tigre avec spacer en or"},"content":{"rendered":"<ul>\n<li>Colonne de Jade Citron 13x4mm<\/li>\n<li>Oeil de tigre rond\/rondelle 4mm<\/li>\n<li>Spacer plaqu\u00e9e or 2mm<\/li>\n<li>Breloque Artefact en or<\/li>\n<li>Cordon \u00e9lastique extensible<\/li>\n<\/ul>\n<p>&nbsp;<\/p>\n<p><strong>Selon les anciens Mayas,<\/strong><\/p>\n<p>Le Jade Citron \u00e9tait une pierre mystique, l&rsquo;h\u00e9ritage d&rsquo;un pass\u00e9 l\u00e9gendaire. Rayonnant comme le soleil lui-m\u00eame, connu pour son \u00e9clat chaleureux et accueillant, il a \u00e9t\u00e9 un symbole de sagesse et de g\u00e9n\u00e9rosit\u00e9 de la terre. Le jade jaune est plus qu&rsquo;une simple pierre visuellement attrayante. Il est r\u00e9put\u00e9 pour sa capacit\u00e9 \u00e0 promouvoir la stabilit\u00e9 \u00e9motionnelle, \u00e0 apporter de la joie et \u00e0 encourager le partage de l&rsquo;abondance.<\/p>\n<p>&nbsp;<\/p>\n","protected":false},"excerpt":{"rendered":"<p>Colonne de Jade Citron 13x4mm Oeil de tigre rond\/rondelle 4mm Spacer plaqu\u00e9e or 2mm Breloque Artefact en or Cordon \u00e9lastique extensible &nbsp; Selon les anciens Mayas, Le Jade Citron \u00e9tait une pierre mystique, l&rsquo;h\u00e9ritage d&rsquo;un pass\u00e9 l\u00e9gendaire. Rayonnant comme le soleil lui-m\u00eame, connu pour son \u00e9clat chaleureux et accueillant, il a \u00e9t\u00e9 un symbole de [&hellip;]<\/p>\n","protected":false},"featured_media":1778,"template":"","meta":[],"product_brand":[],"product_cat":[187,128,192,130],"product_tag":[167,135,176,132,199],"class_list":{"0":"post-2241","1":"product","2":"type-product","3":"status-publish","4":"has-post-thumbnail","6":"product_cat-bracelets-fr-2","7":"product_cat-femmes","8":"product_cat-maya-fr-2","9":"product_cat-tous-les-bijoux-pour-femmes","10":"product_tag-brun-fr","11":"product_tag-jade-fr","12":"product_tag-jaune-fr","13":"product_tag-lor","14":"product_tag-oeil-de-tigre","15":"pa_womens-bracelets-size-small","16":"pa_womens-bracelets-size-medium-6-1-2-inch","17":"pa_womens-bracelets-size-large-7-inch","18":"pa_womens-bracelets-size-x-large-7-1-2-inch","20":"first","21":"instock","22":"sale","23":"taxable","24":"shipping-taxable","25":"purchasable","26":"product-type-variable"},"_links":{"self":[{"href":"https:\/\/artefactjewelry.com\/fr\/wp-json\/wp\/v2\/product\/2241","targetHints":{"allow":["GET"]}}],"collection":[{"href":"https:\/\/artefactjewelry.com\/fr\/wp-json\/wp\/v2\/product"}],"about":[{"href":"https:\/\/artefactjewelry.com\/fr\/wp-json\/wp\/v2\/types\/product"}],"wp:featuredmedia":[{"embeddable":true,"href":"https:\/\/artefactjewelry.com\/fr\/wp-json\/wp\/v2\/media\/1778"}],"wp:attachment":[{"href":"https:\/\/artefactjewelry.com\/fr\/wp-json\/wp\/v2\/media?parent=2241"}],"wp:term":[{"taxonomy":"product_brand","embeddable":true,"href":"https:\/\/artefactjewelry.com\/fr\/wp-json\/wp\/v2\/product_brand?post=2241"},{"taxonomy":"product_cat","embeddable":true,"href":"https:\/\/artefactjewelry.com\/fr\/wp-json\/wp\/v2\/product_cat?post=2241"},{"taxonomy":"product_tag","embeddable":true,"href":"https:\/\/artefactjewelry.com\/fr\/wp-json\/wp\/v2\/product_tag?post=2241"}],"curies":[{"name":"wp","href":"https:\/\/api.w.org\/{rel}","templated":true}]}}