{"id":2246,"date":"2024-04-15T17:53:53","date_gmt":"2024-04-15T21:53:53","guid":{"rendered":"https:\/\/artefactjewelry.com\/product\/bracelet-en-jaspe-aqua-terra-agate-ametrine-et-aventurine\/"},"modified":"2025-09-09T15:29:11","modified_gmt":"2025-09-09T19:29:11","slug":"bracelet-en-jaspe-aqua-terra-agate-ametrine-et-aventurine","status":"publish","type":"product","link":"https:\/\/artefactjewelry.com\/fr\/produit\/bracelet-en-jaspe-aqua-terra-agate-ametrine-et-aventurine\/","title":{"rendered":"Bracelet en Jaspe Aqua Terra, Agate, Am\u00e9trine et Aventurine"},"content":{"rendered":"<ul>\n<li>Jaspe Aqua Terra rond 6mm<\/li>\n<li>Agate folle ronde 6mm<\/li>\n<li>Am\u00e9trine jaune \u00e9toil\u00e9e 6mm<\/li>\n<li>Rondelle Aventurine &amp; Agate 6x2mm<\/li>\n<li>Perle Artefact en argent<\/li>\n<li>Cordon \u00e9lastique extensible<\/li>\n<\/ul>\n<p>&nbsp;<\/p>\n<p><strong>Selon les anciens Mayas,<\/strong><\/p>\n<p>L&rsquo;agate, avec ses qualit\u00e9s de profondeur et d&rsquo;enracinement, aurait \u00e9t\u00e9 estim\u00e9e \u00e0 la fois pour sa beaut\u00e9 esth\u00e9tique et sa r\u00e9sonance spirituelle. Symbolisant les \u00e9l\u00e9ments de la terre et de l&rsquo;eau, essentiels \u00e0 la cosmologie maya. On pense qu&rsquo;il am\u00e9liore les fonctions mentales, la concentration, l&rsquo;\u00e9quilibre \u00e9motionnel et le courage personnel.<\/p>\n<p>&nbsp;<\/p>\n","protected":false},"excerpt":{"rendered":"<p>Jaspe Aqua Terra rond 6mm Agate folle ronde 6mm Am\u00e9trine jaune \u00e9toil\u00e9e 6mm Rondelle Aventurine &amp; Agate 6x2mm Perle Artefact en argent Cordon \u00e9lastique extensible &nbsp; Selon les anciens Mayas, L&rsquo;agate, avec ses qualit\u00e9s de profondeur et d&rsquo;enracinement, aurait \u00e9t\u00e9 estim\u00e9e \u00e0 la fois pour sa beaut\u00e9 esth\u00e9tique et sa r\u00e9sonance spirituelle. Symbolisant les \u00e9l\u00e9ments [&hellip;]<\/p>\n","protected":false},"featured_media":1757,"template":"","meta":[],"product_brand":[],"product_cat":[187,128,192,130],"product_tag":[178,188,138,149],"class_list":{"0":"post-2246","1":"product","2":"type-product","3":"status-publish","4":"has-post-thumbnail","6":"product_cat-bracelets-fr-2","7":"product_cat-femmes","8":"product_cat-maya-fr-2","9":"product_cat-tous-les-bijoux-pour-femmes","10":"product_tag-agate-fr","11":"product_tag-ametrine-fr","12":"product_tag-aventurine-fr","13":"product_tag-jaspe","14":"pa_womens-bracelets-size-xx-large-7-3-4-inch","15":"pa_womens-bracelets-size-small","16":"pa_womens-bracelets-size-medium-6-1-2-inch","17":"pa_womens-bracelets-size-large-7-inch","18":"pa_womens-bracelets-size-x-large-7-1-2-inch","20":"first","21":"instock","22":"sale","23":"taxable","24":"shipping-taxable","25":"purchasable","26":"product-type-variable"},"_links":{"self":[{"href":"https:\/\/artefactjewelry.com\/fr\/wp-json\/wp\/v2\/product\/2246","targetHints":{"allow":["GET"]}}],"collection":[{"href":"https:\/\/artefactjewelry.com\/fr\/wp-json\/wp\/v2\/product"}],"about":[{"href":"https:\/\/artefactjewelry.com\/fr\/wp-json\/wp\/v2\/types\/product"}],"wp:featuredmedia":[{"embeddable":true,"href":"https:\/\/artefactjewelry.com\/fr\/wp-json\/wp\/v2\/media\/1757"}],"wp:attachment":[{"href":"https:\/\/artefactjewelry.com\/fr\/wp-json\/wp\/v2\/media?parent=2246"}],"wp:term":[{"taxonomy":"product_brand","embeddable":true,"href":"https:\/\/artefactjewelry.com\/fr\/wp-json\/wp\/v2\/product_brand?post=2246"},{"taxonomy":"product_cat","embeddable":true,"href":"https:\/\/artefactjewelry.com\/fr\/wp-json\/wp\/v2\/product_cat?post=2246"},{"taxonomy":"product_tag","embeddable":true,"href":"https:\/\/artefactjewelry.com\/fr\/wp-json\/wp\/v2\/product_tag?post=2246"}],"curies":[{"name":"wp","href":"https:\/\/api.w.org\/{rel}","templated":true}]}}