{"id":2251,"date":"2024-04-15T17:30:34","date_gmt":"2024-04-15T21:30:34","guid":{"rendered":"https:\/\/artefactjewelry.com\/product\/bracelet-en-turquoise-africaine-et-aventurine-verte-avec-spacer-or\/"},"modified":"2025-09-09T15:29:13","modified_gmt":"2025-09-09T19:29:13","slug":"bracelet-en-turquoise-africaine-et-aventurine-verte-avec-spacer-or","status":"publish","type":"product","link":"https:\/\/artefactjewelry.com\/fr\/produit\/bracelet-en-turquoise-africaine-et-aventurine-verte-avec-spacer-or\/","title":{"rendered":"Bracelet en Turquoise africaine et Aventurine verte avec spacer Or"},"content":{"rendered":"<ul>\n<li>Turquoise africaine (Jaspe) 6x3mm<\/li>\n<li>Aventurine verte 6x2mm<\/li>\n<li>Spacer plaqu\u00e9e or 6x2mm<\/li>\n<li>Perle Artefact en Or<\/li>\n<li>Cordon \u00e9lastique extensible<\/li>\n<\/ul>\n<p>&nbsp;<\/p>\n<p><strong>Selon les anciens Mayas,<\/strong><\/p>\n<p>La myriade de couleurs du jaspe et ses tons profonds et terreux \u00e9taient tr\u00e8s pris\u00e9s pour leur lien symbolique avec la terre et la nature. Dans les cultures anciennes, on croyait qu&rsquo;il prot\u00e9geait le porteur des forces n\u00e9gatives et favorisait la gu\u00e9rison physique et l&rsquo;\u00e9quilibre. R\u00e9put\u00e9 pour sa capacit\u00e9 \u00e0 harmoniser le corps et l&rsquo;\u00e2me, en puisant dans l&rsquo;\u00e9nergie de la pierre pour \u00e9claircir et stabiliser l&rsquo;aura.<\/p>\n<p>&nbsp;<\/p>\n","protected":false},"excerpt":{"rendered":"<p>Turquoise africaine (Jaspe) 6x3mm Aventurine verte 6x2mm Spacer plaqu\u00e9e or 6x2mm Perle Artefact en Or Cordon \u00e9lastique extensible &nbsp; Selon les anciens Mayas, La myriade de couleurs du jaspe et ses tons profonds et terreux \u00e9taient tr\u00e8s pris\u00e9s pour leur lien symbolique avec la terre et la nature. Dans les cultures anciennes, on croyait qu&rsquo;il [&hellip;]<\/p>\n","protected":false},"featured_media":1761,"template":"","meta":[],"product_brand":[],"product_cat":[187,128,192,130],"product_tag":[138,149,132,181,172],"class_list":{"0":"post-2251","1":"product","2":"type-product","3":"status-publish","4":"has-post-thumbnail","6":"product_cat-bracelets-fr-2","7":"product_cat-femmes","8":"product_cat-maya-fr-2","9":"product_cat-tous-les-bijoux-pour-femmes","10":"product_tag-aventurine-fr","11":"product_tag-jaspe","12":"product_tag-lor","13":"product_tag-turquoise-fr","14":"product_tag-vert-fr","15":"pa_womens-bracelets-size-small","16":"pa_womens-bracelets-size-medium-6-1-2-inch","17":"pa_womens-bracelets-size-large-7-inch","18":"pa_womens-bracelets-size-x-large-7-1-2-inch","20":"first","21":"instock","22":"sale","23":"taxable","24":"shipping-taxable","25":"purchasable","26":"product-type-variable"},"_links":{"self":[{"href":"https:\/\/artefactjewelry.com\/fr\/wp-json\/wp\/v2\/product\/2251","targetHints":{"allow":["GET"]}}],"collection":[{"href":"https:\/\/artefactjewelry.com\/fr\/wp-json\/wp\/v2\/product"}],"about":[{"href":"https:\/\/artefactjewelry.com\/fr\/wp-json\/wp\/v2\/types\/product"}],"wp:featuredmedia":[{"embeddable":true,"href":"https:\/\/artefactjewelry.com\/fr\/wp-json\/wp\/v2\/media\/1761"}],"wp:attachment":[{"href":"https:\/\/artefactjewelry.com\/fr\/wp-json\/wp\/v2\/media?parent=2251"}],"wp:term":[{"taxonomy":"product_brand","embeddable":true,"href":"https:\/\/artefactjewelry.com\/fr\/wp-json\/wp\/v2\/product_brand?post=2251"},{"taxonomy":"product_cat","embeddable":true,"href":"https:\/\/artefactjewelry.com\/fr\/wp-json\/wp\/v2\/product_cat?post=2251"},{"taxonomy":"product_tag","embeddable":true,"href":"https:\/\/artefactjewelry.com\/fr\/wp-json\/wp\/v2\/product_tag?post=2251"}],"curies":[{"name":"wp","href":"https:\/\/api.w.org\/{rel}","templated":true}]}}