{"id":2256,"date":"2024-03-19T22:42:40","date_gmt":"2024-03-20T02:42:40","guid":{"rendered":"https:\/\/artefactjewelry.com\/product\/collier-de-rubis-en-zoisite-avec-spacer-or\/"},"modified":"2025-09-09T15:29:15","modified_gmt":"2025-09-09T19:29:15","slug":"collier-de-rubis-en-zoisite-avec-spacer-or","status":"publish","type":"product","link":"https:\/\/artefactjewelry.com\/fr\/produit\/collier-de-rubis-en-zoisite-avec-spacer-or\/","title":{"rendered":"Collier de rubis en zoisite avec intercalaire en or"},"content":{"rendered":"<ul>\n<li>Rubis en Zoisite facett\u00e9 4mm<\/li>\n<li>Peridot facetett\u00e9 4mm<\/li>\n<li>Spacer plaqu\u00e9e or<\/li>\n<li>Taille : 16 \u00e0 18 pouces<\/li>\n<li>Extension de cha\u00eene 2\u00a0\u00bb en or 18k plaqu\u00e9 sur l&rsquo;acier inoxydable<\/li>\n<li>Breloque Artefact en or<\/li>\n<\/ul>\n<p>&nbsp;<\/p>\n<p><strong>Selon les anciens Mayas,<\/strong><\/p>\n<p>La pierre pr\u00e9cieuse de couleur verte est associ\u00e9e \u00e0 la nature, \u00e0 la vie, \u00e0 la croissance et au renouveau. Ils repr\u00e9sentaient des valeurs culturelles cl\u00e9s li\u00e9es \u00e0 la vie, \u00e0 la fertilit\u00e9, \u00e0 la sant\u00e9 et \u00e0 la communication spirituelle. L&rsquo;utilisation de ces pierres faisait partie int\u00e9grante des pratiques religieuses, des activit\u00e9s \u00e9conomiques et de la hi\u00e9rarchie sociale des Mayas. Refl\u00e9tant une relation complexe entre la culture mat\u00e9rielle et les syst\u00e8mes de croyances cosmologiques.<\/p>\n<p>&nbsp;<\/p>\n","protected":false},"excerpt":{"rendered":"<p>Rubis en Zoisite facett\u00e9 4mm Peridot facetett\u00e9 4mm Spacer plaqu\u00e9e or Taille : 16 \u00e0 18 pouces Extension de cha\u00eene 2\u00a0\u00bb en or 18k plaqu\u00e9 sur l&rsquo;acier inoxydable Breloque Artefact en or &nbsp; Selon les anciens Mayas, La pierre pr\u00e9cieuse de couleur verte est associ\u00e9e \u00e0 la nature, \u00e0 la vie, \u00e0 la croissance et [&hellip;]<\/p>\n","protected":false},"featured_media":1744,"template":"","meta":[],"product_brand":[],"product_cat":[129,192,130],"product_tag":[180,200],"class_list":{"0":"post-2256","1":"product","2":"type-product","3":"status-publish","4":"has-post-thumbnail","6":"product_cat-colliers-fr","7":"product_cat-maya-fr-2","8":"product_cat-tous-les-bijoux-pour-femmes","9":"product_tag-peridot-fr","10":"product_tag-rubis-en-zoisite","12":"first","13":"instock","14":"sale","15":"taxable","16":"shipping-taxable","17":"purchasable","18":"product-type-simple"},"_links":{"self":[{"href":"https:\/\/artefactjewelry.com\/fr\/wp-json\/wp\/v2\/product\/2256","targetHints":{"allow":["GET"]}}],"collection":[{"href":"https:\/\/artefactjewelry.com\/fr\/wp-json\/wp\/v2\/product"}],"about":[{"href":"https:\/\/artefactjewelry.com\/fr\/wp-json\/wp\/v2\/types\/product"}],"wp:featuredmedia":[{"embeddable":true,"href":"https:\/\/artefactjewelry.com\/fr\/wp-json\/wp\/v2\/media\/1744"}],"wp:attachment":[{"href":"https:\/\/artefactjewelry.com\/fr\/wp-json\/wp\/v2\/media?parent=2256"}],"wp:term":[{"taxonomy":"product_brand","embeddable":true,"href":"https:\/\/artefactjewelry.com\/fr\/wp-json\/wp\/v2\/product_brand?post=2256"},{"taxonomy":"product_cat","embeddable":true,"href":"https:\/\/artefactjewelry.com\/fr\/wp-json\/wp\/v2\/product_cat?post=2256"},{"taxonomy":"product_tag","embeddable":true,"href":"https:\/\/artefactjewelry.com\/fr\/wp-json\/wp\/v2\/product_tag?post=2256"}],"curies":[{"name":"wp","href":"https:\/\/api.w.org\/{rel}","templated":true}]}}