{"id":2257,"date":"2024-03-19T22:40:36","date_gmt":"2024-03-20T02:40:36","guid":{"rendered":"https:\/\/artefactjewelry.com\/product\/collier-de-multiples-agate-de-feu\/"},"modified":"2025-09-09T15:29:18","modified_gmt":"2025-09-09T19:29:18","slug":"collier-de-multiples-agate-de-feu","status":"publish","type":"product","link":"https:\/\/artefactjewelry.com\/fr\/produit\/collier-de-multiples-agate-de-feu\/","title":{"rendered":"Collier Multi-Agate de Feu"},"content":{"rendered":"<ul>\n<li>Agate orange craquel\u00e9e 6mm<\/li>\n<li>Agate rouge lac\u00e9e 6mm<\/li>\n<li>Agate rouge ancienne 6mm<\/li>\n<li>Agate (teint\u00e9e et chauf\u00e9e) ancienne 6mm<\/li>\n<\/ul>\n<p>&nbsp;<\/p>\n<p><strong>Selon les anciens Mayas,<\/strong><\/p>\n<p>Le feu \u00e9tait consid\u00e9r\u00e9 comme une force de transformation capable de purifier et de renouveler. Le port de bijoux ou d&rsquo;amulettes en agate rouge \u00e9tait consid\u00e9r\u00e9 comme un gage de protection, en particulier dans les contextes de guerre ou de d\u00e9fense personnelle. Dans la culture maya, l&rsquo;agate rouge incarne les th\u00e8mes de la force vitale (par le sang et le sacrifice) et de la protection (dans les domaines physique et spirituel).<\/p>\n<p>&nbsp;<\/p>\n","protected":false},"excerpt":{"rendered":"<p>Agate orange craquel\u00e9e 6mm Agate rouge lac\u00e9e 6mm Agate rouge ancienne 6mm Agate (teint\u00e9e et chauf\u00e9e) ancienne 6mm &nbsp; Selon les anciens Mayas, Le feu \u00e9tait consid\u00e9r\u00e9 comme une force de transformation capable de purifier et de renouveler. Le port de bijoux ou d&rsquo;amulettes en agate rouge \u00e9tait consid\u00e9r\u00e9 comme un gage de protection, en [&hellip;]<\/p>\n","protected":false},"featured_media":1673,"template":"","meta":[],"product_brand":[],"product_cat":[125,126,143],"product_tag":[178],"class_list":{"0":"post-2257","1":"product","2":"type-product","3":"status-publish","4":"has-post-thumbnail","6":"product_cat-colliers","7":"product_cat-tous-les-bijoux-pour-hommes","8":"product_cat-maya-fr","9":"product_tag-agate-fr","10":"pa_mens-necklaces-size-20-to-22-inch","11":"pa_mens-necklaces-size-24-to-26-inch","12":"pa_mens-necklaces-size-28-to-30-inch","14":"first","15":"instock","16":"sale","17":"taxable","18":"shipping-taxable","19":"purchasable","20":"product-type-variable"},"_links":{"self":[{"href":"https:\/\/artefactjewelry.com\/fr\/wp-json\/wp\/v2\/product\/2257","targetHints":{"allow":["GET"]}}],"collection":[{"href":"https:\/\/artefactjewelry.com\/fr\/wp-json\/wp\/v2\/product"}],"about":[{"href":"https:\/\/artefactjewelry.com\/fr\/wp-json\/wp\/v2\/types\/product"}],"wp:featuredmedia":[{"embeddable":true,"href":"https:\/\/artefactjewelry.com\/fr\/wp-json\/wp\/v2\/media\/1673"}],"wp:attachment":[{"href":"https:\/\/artefactjewelry.com\/fr\/wp-json\/wp\/v2\/media?parent=2257"}],"wp:term":[{"taxonomy":"product_brand","embeddable":true,"href":"https:\/\/artefactjewelry.com\/fr\/wp-json\/wp\/v2\/product_brand?post=2257"},{"taxonomy":"product_cat","embeddable":true,"href":"https:\/\/artefactjewelry.com\/fr\/wp-json\/wp\/v2\/product_cat?post=2257"},{"taxonomy":"product_tag","embeddable":true,"href":"https:\/\/artefactjewelry.com\/fr\/wp-json\/wp\/v2\/product_tag?post=2257"}],"curies":[{"name":"wp","href":"https:\/\/api.w.org\/{rel}","templated":true}]}}