{"id":2261,"date":"2024-03-19T22:39:10","date_gmt":"2024-03-20T02:39:10","guid":{"rendered":"https:\/\/artefactjewelry.com\/product\/collier-multi-pierres-de-feu\/"},"modified":"2025-09-09T15:29:23","modified_gmt":"2025-09-09T19:29:23","slug":"collier-multi-pierres-de-feu","status":"publish","type":"product","link":"https:\/\/artefactjewelry.com\/fr\/produit\/collier-multi-pierres-de-feu\/","title":{"rendered":"Collier multi-pierres de feu"},"content":{"rendered":"<ul>\n<li>Agate rouge \u00e0 facettes 4mm<\/li>\n<li>Pierre de soleil facett\u00e9e 4mm<\/li>\n<li>Agate orange rondelle 2x4mm<\/li>\n<li>Oeil de tigre rond 4mm<\/li>\n<li>Oeil de tigre rondelle 2x4mm<\/li>\n<li>Taille : 16 \u00e0 18 pouces<\/li>\n<li>Extension de cha\u00eene en acier inoxydable plaqu\u00e9 or 18K<\/li>\n<li>Breloque Artefact en or<\/li>\n<\/ul>\n<p>&nbsp;<\/p>\n<p><strong>Selon les anciens Mayas,<\/strong><\/p>\n<p>Les pierres de feu \u00e9taient consid\u00e9r\u00e9es comme une force de transformation capable de purifier et de renouveler. Dans la culture maya, l&rsquo;agate rouge incarne les th\u00e8mes de la force vitale (par le sang et le sacrifice) et de la protection (dans les domaines physique et spirituel). Elles favorisent la sant\u00e9, la vitalit\u00e9 et \u00e9loignent les maladies et les malaises.<\/p>\n<p>&nbsp;<\/p>\n","protected":false},"excerpt":{"rendered":"<p>Agate rouge \u00e0 facettes 4mm Pierre de soleil facett\u00e9e 4mm Agate orange rondelle 2x4mm Oeil de tigre rond 4mm Oeil de tigre rondelle 2x4mm Taille : 16 \u00e0 18 pouces Extension de cha\u00eene en acier inoxydable plaqu\u00e9 or 18K Breloque Artefact en or &nbsp; Selon les anciens Mayas, Les pierres de feu \u00e9taient consid\u00e9r\u00e9es comme [&hellip;]<\/p>\n","protected":false},"featured_media":1674,"template":"","meta":[],"product_brand":[],"product_cat":[129,192,130],"product_tag":[],"class_list":{"0":"post-2261","1":"product","2":"type-product","3":"status-publish","4":"has-post-thumbnail","6":"product_cat-colliers-fr","7":"product_cat-maya-fr-2","8":"product_cat-tous-les-bijoux-pour-femmes","10":"first","11":"instock","12":"sale","13":"taxable","14":"shipping-taxable","15":"purchasable","16":"product-type-simple"},"_links":{"self":[{"href":"https:\/\/artefactjewelry.com\/fr\/wp-json\/wp\/v2\/product\/2261","targetHints":{"allow":["GET"]}}],"collection":[{"href":"https:\/\/artefactjewelry.com\/fr\/wp-json\/wp\/v2\/product"}],"about":[{"href":"https:\/\/artefactjewelry.com\/fr\/wp-json\/wp\/v2\/types\/product"}],"wp:featuredmedia":[{"embeddable":true,"href":"https:\/\/artefactjewelry.com\/fr\/wp-json\/wp\/v2\/media\/1674"}],"wp:attachment":[{"href":"https:\/\/artefactjewelry.com\/fr\/wp-json\/wp\/v2\/media?parent=2261"}],"wp:term":[{"taxonomy":"product_brand","embeddable":true,"href":"https:\/\/artefactjewelry.com\/fr\/wp-json\/wp\/v2\/product_brand?post=2261"},{"taxonomy":"product_cat","embeddable":true,"href":"https:\/\/artefactjewelry.com\/fr\/wp-json\/wp\/v2\/product_cat?post=2261"},{"taxonomy":"product_tag","embeddable":true,"href":"https:\/\/artefactjewelry.com\/fr\/wp-json\/wp\/v2\/product_tag?post=2261"}],"curies":[{"name":"wp","href":"https:\/\/api.w.org\/{rel}","templated":true}]}}