{"id":2262,"date":"2024-03-18T01:21:46","date_gmt":"2024-03-18T05:21:46","guid":{"rendered":"https:\/\/artefactjewelry.com\/product\/collier-multi-jaspe\/"},"modified":"2025-09-09T15:29:29","modified_gmt":"2025-09-09T19:29:29","slug":"collier-multi-jaspe","status":"publish","type":"product","link":"https:\/\/artefactjewelry.com\/fr\/produit\/collier-multi-jaspe\/","title":{"rendered":"Collier Multi-Jaspe"},"content":{"rendered":"<ul>\n<li>Jaspe couleur caf\u00e9 en colonne 4x12mm<\/li>\n<li>Jaspe Picasso rond 6mm<\/li>\n<li>Jaspe picture rond 6mm<\/li>\n<li>Jaspe jaune rond 6mm<\/li>\n<li>Ancien spacer m\u00e9tallique 4x2mm<\/li>\n<\/ul>\n<p>&nbsp;<\/p>\n<p><strong>Selon les anciens Mayas,<\/strong><\/p>\n<p>Le jaspe \u00e9tait souvent transform\u00e9 en amulettes et autres objets talismaniques. Ils \u00e9taient cens\u00e9s prot\u00e9ger le porteur des mauvais esprits et \u00e9carter les dangers physiques, en particulier lors des voyages ou des batailles. Les tons profonds et terreux du jaspe le relient au monde terrestre. Il a \u00e9t\u00e9 port\u00e9 par des guerriers et utilis\u00e9 lors de c\u00e9r\u00e9monies sp\u00e9cifiquement li\u00e9es \u00e0 la guerre et \u00e0 la victoire.<\/p>\n","protected":false},"excerpt":{"rendered":"<p>Jaspe couleur caf\u00e9 en colonne 4x12mm Jaspe Picasso rond 6mm Jaspe picture rond 6mm Jaspe jaune rond 6mm Ancien spacer m\u00e9tallique 4x2mm &nbsp; Selon les anciens Mayas, Le jaspe \u00e9tait souvent transform\u00e9 en amulettes et autres objets talismaniques. Ils \u00e9taient cens\u00e9s prot\u00e9ger le porteur des mauvais esprits et \u00e9carter les dangers physiques, en particulier lors [&hellip;]<\/p>\n","protected":false},"featured_media":1669,"template":"","meta":[],"product_brand":[],"product_cat":[125,126,143],"product_tag":[149],"class_list":{"0":"post-2262","1":"product","2":"type-product","3":"status-publish","4":"has-post-thumbnail","6":"product_cat-colliers","7":"product_cat-tous-les-bijoux-pour-hommes","8":"product_cat-maya-fr","9":"product_tag-jaspe","10":"pa_mens-necklaces-size-24-to-26-inch","11":"pa_mens-necklaces-size-28-to-30-inch","13":"first","14":"instock","15":"sale","16":"taxable","17":"shipping-taxable","18":"purchasable","19":"product-type-variable"},"_links":{"self":[{"href":"https:\/\/artefactjewelry.com\/fr\/wp-json\/wp\/v2\/product\/2262","targetHints":{"allow":["GET"]}}],"collection":[{"href":"https:\/\/artefactjewelry.com\/fr\/wp-json\/wp\/v2\/product"}],"about":[{"href":"https:\/\/artefactjewelry.com\/fr\/wp-json\/wp\/v2\/types\/product"}],"wp:featuredmedia":[{"embeddable":true,"href":"https:\/\/artefactjewelry.com\/fr\/wp-json\/wp\/v2\/media\/1669"}],"wp:attachment":[{"href":"https:\/\/artefactjewelry.com\/fr\/wp-json\/wp\/v2\/media?parent=2262"}],"wp:term":[{"taxonomy":"product_brand","embeddable":true,"href":"https:\/\/artefactjewelry.com\/fr\/wp-json\/wp\/v2\/product_brand?post=2262"},{"taxonomy":"product_cat","embeddable":true,"href":"https:\/\/artefactjewelry.com\/fr\/wp-json\/wp\/v2\/product_cat?post=2262"},{"taxonomy":"product_tag","embeddable":true,"href":"https:\/\/artefactjewelry.com\/fr\/wp-json\/wp\/v2\/product_tag?post=2262"}],"curies":[{"name":"wp","href":"https:\/\/api.w.org\/{rel}","templated":true}]}}