{"id":2265,"date":"2024-03-19T22:36:22","date_gmt":"2024-03-20T02:36:22","guid":{"rendered":"https:\/\/artefactjewelry.com\/product\/collier-de-pierre-de-soleil-peridot\/"},"modified":"2025-09-09T15:29:28","modified_gmt":"2025-09-09T19:29:28","slug":"collier-de-pierre-de-soleil-peridot","status":"publish","type":"product","link":"https:\/\/artefactjewelry.com\/fr\/produit\/collier-de-pierre-de-soleil-peridot\/","title":{"rendered":"Collier de Pierre de Soleil &amp; Peridot"},"content":{"rendered":"<ul>\n<li>Peridot facetett\u00e9 4mm<\/li>\n<li>Pierre de soleil rondelle 3x2mm<\/li>\n<li>Pierre de soleil facett\u00e9e 4mm<\/li>\n<li>Taille : 16 \u00e0 18 pouces avec la cha\u00eene d&rsquo;extension en acier inoxidable plaqu\u00e9 or 18k<\/li>\n<li>Breloque Artefact en or<\/li>\n<\/ul>\n<p>&nbsp;<\/p>\n<p><strong>Selon les anciens Mayas,<\/strong><\/p>\n<p>Les pierres de couleur orange et verte \u00e9taient tr\u00e8s appr\u00e9ci\u00e9es. Les couleurs de chaque pierre \u00e9taient associ\u00e9es \u00e0 leur environnement comme le soleil, la nature et les dieux. Pour les Maya, porter de telles pierres \u00e9tait un moyen de maintenir le bien-\u00eatre physique et de se connecter \u00e0 la terre.<\/p>\n<p>&nbsp;<\/p>\n","protected":false},"excerpt":{"rendered":"<p>Peridot facetett\u00e9 4mm Pierre de soleil rondelle 3x2mm Pierre de soleil facett\u00e9e 4mm Taille : 16 \u00e0 18 pouces avec la cha\u00eene d&rsquo;extension en acier inoxidable plaqu\u00e9 or 18k Breloque Artefact en or &nbsp; Selon les anciens Mayas, Les pierres de couleur orange et verte \u00e9taient tr\u00e8s appr\u00e9ci\u00e9es. Les couleurs de chaque pierre \u00e9taient associ\u00e9es [&hellip;]<\/p>\n","protected":false},"featured_media":1678,"template":"","meta":[],"product_brand":[],"product_cat":[129,192,124,130],"product_tag":[],"class_list":{"0":"post-2265","1":"product","2":"type-product","3":"status-publish","4":"has-post-thumbnail","6":"product_cat-colliers-fr","7":"product_cat-maya-fr-2","8":"product_cat-non-classe","9":"product_cat-tous-les-bijoux-pour-femmes","11":"first","12":"instock","13":"sale","14":"taxable","15":"shipping-taxable","16":"purchasable","17":"product-type-simple"},"_links":{"self":[{"href":"https:\/\/artefactjewelry.com\/fr\/wp-json\/wp\/v2\/product\/2265","targetHints":{"allow":["GET"]}}],"collection":[{"href":"https:\/\/artefactjewelry.com\/fr\/wp-json\/wp\/v2\/product"}],"about":[{"href":"https:\/\/artefactjewelry.com\/fr\/wp-json\/wp\/v2\/types\/product"}],"wp:featuredmedia":[{"embeddable":true,"href":"https:\/\/artefactjewelry.com\/fr\/wp-json\/wp\/v2\/media\/1678"}],"wp:attachment":[{"href":"https:\/\/artefactjewelry.com\/fr\/wp-json\/wp\/v2\/media?parent=2265"}],"wp:term":[{"taxonomy":"product_brand","embeddable":true,"href":"https:\/\/artefactjewelry.com\/fr\/wp-json\/wp\/v2\/product_brand?post=2265"},{"taxonomy":"product_cat","embeddable":true,"href":"https:\/\/artefactjewelry.com\/fr\/wp-json\/wp\/v2\/product_cat?post=2265"},{"taxonomy":"product_tag","embeddable":true,"href":"https:\/\/artefactjewelry.com\/fr\/wp-json\/wp\/v2\/product_tag?post=2265"}],"curies":[{"name":"wp","href":"https:\/\/api.w.org\/{rel}","templated":true}]}}