{"id":2266,"date":"2024-03-19T22:37:38","date_gmt":"2024-03-20T02:37:38","guid":{"rendered":"https:\/\/artefactjewelry.com\/product\/collier-de-perles-naturelles-de-paon-grises-foncees-avec-spacer-en-hematite\/"},"modified":"2025-09-09T15:29:26","modified_gmt":"2025-09-09T19:29:26","slug":"collier-de-perles-naturelles-de-paon-grises-foncees-avec-spacer-en-hematite","status":"publish","type":"product","link":"https:\/\/artefactjewelry.com\/fr\/produit\/collier-de-perles-naturelles-de-paon-grises-foncees-avec-spacer-en-hematite\/","title":{"rendered":"Collier de Perles naturelles de Paon grises fonc\u00e9es avec spacer en h\u00e9matite"},"content":{"rendered":"<ul>\n<li>Perles de Paon naturelles grises fonc\u00e9es 4.5mm<\/li>\n<li>Spacer en h\u00e9matite 4mm<\/li>\n<li>Rallonge de cha\u00eene en acier inoxydable de 2\u00a0\u00bb<\/li>\n<li>Breloque Artefact argent<\/li>\n<\/ul>\n<p>&nbsp;<\/p>\n<p><strong>Selon la Gr\u00e8ce antique,<\/strong><\/p>\n<p>Les marins portaient des perles pour se prot\u00e9ger des dangers en mer. Une extension de la croyance en les perles comme protections, qui peut d\u00e9couler de leurs origines oc\u00e9aniques. En raison de leur raret\u00e9 et de la difficult\u00e9 de leur acquisition, les perles \u00e9taient un symbole de statut social parmi les Grecs. Poss\u00e9der des perles \u00e9tait un signe de richesse et de statut social \u00e9lev\u00e9. Elles sont synonymes de puret\u00e9, de protection et de prestige.<\/p>\n<p>&nbsp;<\/p>\n","protected":false},"excerpt":{"rendered":"<p>Perles de Paon naturelles grises fonc\u00e9es 4.5mm Spacer en h\u00e9matite 4mm Rallonge de cha\u00eene en acier inoxydable de 2\u00a0\u00bb Breloque Artefact argent &nbsp; Selon la Gr\u00e8ce antique, Les marins portaient des perles pour se prot\u00e9ger des dangers en mer. Une extension de la croyance en les perles comme protections, qui peut d\u00e9couler de leurs origines [&hellip;]<\/p>\n","protected":false},"featured_media":1742,"template":"","meta":[],"product_brand":[],"product_cat":[125,127,126],"product_tag":[],"class_list":{"0":"post-2266","1":"product","2":"type-product","3":"status-publish","4":"has-post-thumbnail","6":"product_cat-colliers","7":"product_cat-grecque","8":"product_cat-tous-les-bijoux-pour-hommes","9":"pa_mens-necklaces-size-20-to-22-inch","10":"pa_mens-necklaces-size-24-to-26-inch","12":"first","13":"instock","14":"sale","15":"taxable","16":"shipping-taxable","17":"purchasable","18":"product-type-variable"},"_links":{"self":[{"href":"https:\/\/artefactjewelry.com\/fr\/wp-json\/wp\/v2\/product\/2266","targetHints":{"allow":["GET"]}}],"collection":[{"href":"https:\/\/artefactjewelry.com\/fr\/wp-json\/wp\/v2\/product"}],"about":[{"href":"https:\/\/artefactjewelry.com\/fr\/wp-json\/wp\/v2\/types\/product"}],"wp:featuredmedia":[{"embeddable":true,"href":"https:\/\/artefactjewelry.com\/fr\/wp-json\/wp\/v2\/media\/1742"}],"wp:attachment":[{"href":"https:\/\/artefactjewelry.com\/fr\/wp-json\/wp\/v2\/media?parent=2266"}],"wp:term":[{"taxonomy":"product_brand","embeddable":true,"href":"https:\/\/artefactjewelry.com\/fr\/wp-json\/wp\/v2\/product_brand?post=2266"},{"taxonomy":"product_cat","embeddable":true,"href":"https:\/\/artefactjewelry.com\/fr\/wp-json\/wp\/v2\/product_cat?post=2266"},{"taxonomy":"product_tag","embeddable":true,"href":"https:\/\/artefactjewelry.com\/fr\/wp-json\/wp\/v2\/product_tag?post=2266"}],"curies":[{"name":"wp","href":"https:\/\/api.w.org\/{rel}","templated":true}]}}