{"id":2269,"date":"2024-03-18T01:21:01","date_gmt":"2024-03-18T05:21:01","guid":{"rendered":"https:\/\/artefactjewelry.com\/product\/collier-de-jaspe-et-dobsidienne\/"},"modified":"2024-06-22T16:25:10","modified_gmt":"2024-06-22T20:25:10","slug":"collier-de-jaspe-et-dobsidienne","status":"publish","type":"product","link":"https:\/\/artefactjewelry.com\/fr\/produit\/collier-de-jaspe-et-dobsidienne\/","title":{"rendered":"Collier de Jaspe et d&rsquo;Obsidienne"},"content":{"rendered":"<ul>\n<li>Colonne de Jaspe pitcure 5x12mm<\/li>\n<li>Jaspe picture en rondelle 4x2mm<\/li>\n<li>Obsidienne ronde et \u00e9toil\u00e9e 6mm<\/li>\n<\/ul>\n<p>&nbsp;<\/p>\n<p><strong>Selon les anciens Mayas,<\/strong><\/p>\n<p>L&rsquo;obsidienne \u00e9tait largement utilis\u00e9e pour la fabrication d&rsquo;outils, d&rsquo;armes et d&rsquo;objets rituels. En raison de sa couleur sombre, l&rsquo;obsidienne \u00e9tait associ\u00e9e au monde souterrain (Xibalba). Croyance \u00e0 prot\u00e9ger le porteur des dommages physiques et spirituels. L&rsquo;effet de verre sombre \u00e0 travers les pierres \u00e9tait cens\u00e9 \u00e9loigner les mauvais esprits.<\/p>\n<p>&nbsp;<\/p>\n","protected":false},"excerpt":{"rendered":"<p>Colonne de Jaspe pitcure 5x12mm Jaspe picture en rondelle 4x2mm Obsidienne ronde et \u00e9toil\u00e9e 6mm &nbsp; Selon les anciens Mayas, L&rsquo;obsidienne \u00e9tait largement utilis\u00e9e pour la fabrication d&rsquo;outils, d&rsquo;armes et d&rsquo;objets rituels. En raison de sa couleur sombre, l&rsquo;obsidienne \u00e9tait associ\u00e9e au monde souterrain (Xibalba). Croyance \u00e0 prot\u00e9ger le porteur des dommages physiques et spirituels. [&hellip;]<\/p>\n","protected":false},"featured_media":1670,"template":"","meta":[],"product_brand":[],"product_cat":[125,126,143],"product_tag":[149,182],"class_list":{"0":"post-2269","1":"product","2":"type-product","3":"status-publish","4":"has-post-thumbnail","6":"product_cat-colliers","7":"product_cat-tous-les-bijoux-pour-hommes","8":"product_cat-maya-fr","9":"product_tag-jaspe","10":"product_tag-obsidienne","11":"pa_mens-necklaces-size-24-to-26-inch","12":"pa_mens-necklaces-size-28-to-30-inch","14":"first","15":"instock","16":"sale","17":"taxable","18":"shipping-taxable","19":"purchasable","20":"product-type-variable"},"_links":{"self":[{"href":"https:\/\/artefactjewelry.com\/fr\/wp-json\/wp\/v2\/product\/2269","targetHints":{"allow":["GET"]}}],"collection":[{"href":"https:\/\/artefactjewelry.com\/fr\/wp-json\/wp\/v2\/product"}],"about":[{"href":"https:\/\/artefactjewelry.com\/fr\/wp-json\/wp\/v2\/types\/product"}],"wp:featuredmedia":[{"embeddable":true,"href":"https:\/\/artefactjewelry.com\/fr\/wp-json\/wp\/v2\/media\/1670"}],"wp:attachment":[{"href":"https:\/\/artefactjewelry.com\/fr\/wp-json\/wp\/v2\/media?parent=2269"}],"wp:term":[{"taxonomy":"product_brand","embeddable":true,"href":"https:\/\/artefactjewelry.com\/fr\/wp-json\/wp\/v2\/product_brand?post=2269"},{"taxonomy":"product_cat","embeddable":true,"href":"https:\/\/artefactjewelry.com\/fr\/wp-json\/wp\/v2\/product_cat?post=2269"},{"taxonomy":"product_tag","embeddable":true,"href":"https:\/\/artefactjewelry.com\/fr\/wp-json\/wp\/v2\/product_tag?post=2269"}],"curies":[{"name":"wp","href":"https:\/\/api.w.org\/{rel}","templated":true}]}}