{"id":2272,"date":"2024-03-18T00:44:43","date_gmt":"2024-03-18T04:44:43","guid":{"rendered":"https:\/\/artefactjewelry.com\/product\/collier-dagate-ancienne-et-de-malachite\/"},"modified":"2025-09-09T15:29:30","modified_gmt":"2025-09-09T19:29:30","slug":"collier-dagate-ancienne-et-de-malachite","status":"publish","type":"product","link":"https:\/\/artefactjewelry.com\/fr\/produit\/collier-dagate-ancienne-et-de-malachite\/","title":{"rendered":"Collier d&rsquo;Agate ancienne et de malachite"},"content":{"rendered":"<ul>\n<li>Malachite ronde 6mm<\/li>\n<li>Agate Ancienne ronde (trait\u00e9e et chauff\u00e9e) 6mm<\/li>\n<\/ul>\n<p>&nbsp;<\/p>\n<p><strong>Selon les anciens Mayas,<\/strong><\/p>\n<p>Pour les hommes, en particulier les dirigeants et les hauts fonctionnaires, le port de colliers \u00e9labor\u00e9s avec des perles ou des pendentifs \u00e9tait un signe de leur autorit\u00e9 et de leur droit divin \u00e0 gouverner. Les dirigeants se paraient d&rsquo;\u00e9normes colliers lors d&rsquo;\u00e9v\u00e9nements importants pour souligner leur statut et leur lien avec les forces divines.<\/p>\n<p>&nbsp;<\/p>\n","protected":false},"excerpt":{"rendered":"<p>Malachite ronde 6mm Agate Ancienne ronde (trait\u00e9e et chauff\u00e9e) 6mm &nbsp; Selon les anciens Mayas, Pour les hommes, en particulier les dirigeants et les hauts fonctionnaires, le port de colliers \u00e9labor\u00e9s avec des perles ou des pendentifs \u00e9tait un signe de leur autorit\u00e9 et de leur droit divin \u00e0 gouverner. Les dirigeants se paraient d&rsquo;\u00e9normes [&hellip;]<\/p>\n","protected":false},"featured_media":1672,"template":"","meta":[],"product_brand":[],"product_cat":[125,126,143],"product_tag":[],"class_list":{"0":"post-2272","1":"product","2":"type-product","3":"status-publish","4":"has-post-thumbnail","6":"product_cat-colliers","7":"product_cat-tous-les-bijoux-pour-hommes","8":"product_cat-maya-fr","9":"pa_mens-necklaces-size-20-to-22-inch","10":"pa_mens-necklaces-size-24-to-26-inch","11":"pa_mens-necklaces-size-28-to-30-inch","13":"first","14":"instock","15":"sale","16":"taxable","17":"shipping-taxable","18":"purchasable","19":"product-type-variable"},"_links":{"self":[{"href":"https:\/\/artefactjewelry.com\/fr\/wp-json\/wp\/v2\/product\/2272","targetHints":{"allow":["GET"]}}],"collection":[{"href":"https:\/\/artefactjewelry.com\/fr\/wp-json\/wp\/v2\/product"}],"about":[{"href":"https:\/\/artefactjewelry.com\/fr\/wp-json\/wp\/v2\/types\/product"}],"wp:featuredmedia":[{"embeddable":true,"href":"https:\/\/artefactjewelry.com\/fr\/wp-json\/wp\/v2\/media\/1672"}],"wp:attachment":[{"href":"https:\/\/artefactjewelry.com\/fr\/wp-json\/wp\/v2\/media?parent=2272"}],"wp:term":[{"taxonomy":"product_brand","embeddable":true,"href":"https:\/\/artefactjewelry.com\/fr\/wp-json\/wp\/v2\/product_brand?post=2272"},{"taxonomy":"product_cat","embeddable":true,"href":"https:\/\/artefactjewelry.com\/fr\/wp-json\/wp\/v2\/product_cat?post=2272"},{"taxonomy":"product_tag","embeddable":true,"href":"https:\/\/artefactjewelry.com\/fr\/wp-json\/wp\/v2\/product_tag?post=2272"}],"curies":[{"name":"wp","href":"https:\/\/api.w.org\/{rel}","templated":true}]}}