{"id":2276,"date":"2024-03-18T00:42:29","date_gmt":"2024-03-18T04:42:29","guid":{"rendered":"https:\/\/artefactjewelry.com\/product\/collier-en-turquoise-naturelle-avec-spacer-en-or\/"},"modified":"2025-09-09T15:29:31","modified_gmt":"2025-09-09T19:29:31","slug":"collier-en-turquoise-naturelle-avec-spacer-en-or","status":"publish","type":"product","link":"https:\/\/artefactjewelry.com\/fr\/produit\/collier-en-turquoise-naturelle-avec-spacer-en-or\/","title":{"rendered":"Collier pour femmes en Turquoise naturelle et Jaspe avec entretoise en or"},"content":{"rendered":"<ul>\n<li>Turquoise naturelle authentique facett\u00e9e 4mm<\/li>\n<li>Jaspe heshi 4x4mm<\/li>\n<li>Spacer plaqu\u00e9 or<\/li>\n<li>Taille : 16 \u00e0 18 pouces<\/li>\n<li>Rallonge de chain Plaqu\u00e9 or 18k en acier inoxydable<\/li>\n<li>Breloque Artefact en or<\/li>\n<\/ul>\n<p>&nbsp;<\/p>\n<p><strong>Selon les anciens Mayas,<\/strong><\/p>\n<p>Ce collier exquis, compos\u00e9 de turquoise naturelle s\u00e9par\u00e9es par de d\u00e9licats s\u00e9parateurs dor\u00e9s, repr\u00e9sente typiquement les Mayas. La turquoise, couleur vibrante allant du bleu au vert, \u00e9tait un symbole de l&rsquo;eau et du ciel, repr\u00e9sentant les cycles de la vie et les \u00e9nergies c\u00e9lestes.<\/p>\n<p>&nbsp;<\/p>\n","protected":false},"excerpt":{"rendered":"<p>Turquoise naturelle authentique facett\u00e9e 4mm Jaspe heshi 4x4mm Spacer plaqu\u00e9 or Taille : 16 \u00e0 18 pouces Rallonge de chain Plaqu\u00e9 or 18k en acier inoxydable Breloque Artefact en or &nbsp; Selon les anciens Mayas, Ce collier exquis, compos\u00e9 de turquoise naturelle s\u00e9par\u00e9es par de d\u00e9licats s\u00e9parateurs dor\u00e9s, repr\u00e9sente typiquement les Mayas. La turquoise, couleur [&hellip;]<\/p>\n","protected":false},"featured_media":3307,"template":"","meta":[],"product_brand":[],"product_cat":[129,192,130],"product_tag":[181],"class_list":{"0":"post-2276","1":"product","2":"type-product","3":"status-publish","4":"has-post-thumbnail","6":"product_cat-colliers-fr","7":"product_cat-maya-fr-2","8":"product_cat-tous-les-bijoux-pour-femmes","9":"product_tag-turquoise-fr","10":"pa_womens-necklaces-size-16-to-18-inch","11":"pa_womens-necklaces-size-18-to-20-inch","13":"first","14":"instock","15":"sale","16":"taxable","17":"shipping-taxable","18":"purchasable","19":"product-type-simple"},"_links":{"self":[{"href":"https:\/\/artefactjewelry.com\/fr\/wp-json\/wp\/v2\/product\/2276","targetHints":{"allow":["GET"]}}],"collection":[{"href":"https:\/\/artefactjewelry.com\/fr\/wp-json\/wp\/v2\/product"}],"about":[{"href":"https:\/\/artefactjewelry.com\/fr\/wp-json\/wp\/v2\/types\/product"}],"wp:featuredmedia":[{"embeddable":true,"href":"https:\/\/artefactjewelry.com\/fr\/wp-json\/wp\/v2\/media\/3307"}],"wp:attachment":[{"href":"https:\/\/artefactjewelry.com\/fr\/wp-json\/wp\/v2\/media?parent=2276"}],"wp:term":[{"taxonomy":"product_brand","embeddable":true,"href":"https:\/\/artefactjewelry.com\/fr\/wp-json\/wp\/v2\/product_brand?post=2276"},{"taxonomy":"product_cat","embeddable":true,"href":"https:\/\/artefactjewelry.com\/fr\/wp-json\/wp\/v2\/product_cat?post=2276"},{"taxonomy":"product_tag","embeddable":true,"href":"https:\/\/artefactjewelry.com\/fr\/wp-json\/wp\/v2\/product_tag?post=2276"}],"curies":[{"name":"wp","href":"https:\/\/api.w.org\/{rel}","templated":true}]}}