{"id":2277,"date":"2024-03-17T22:46:46","date_gmt":"2024-03-18T02:46:46","guid":{"rendered":"https:\/\/artefactjewelry.com\/product\/collier-de-serpentine-et-de-jade-jaune-avec-spacer-or\/"},"modified":"2025-09-09T15:29:32","modified_gmt":"2025-09-09T19:29:32","slug":"collier-de-serpentine-et-de-jade-jaune-avec-spacer-or","status":"publish","type":"product","link":"https:\/\/artefactjewelry.com\/fr\/produit\/collier-de-serpentine-et-de-jade-jaune-avec-spacer-or\/","title":{"rendered":"Collier de Serpentine et de Jade jaune avec spacer or"},"content":{"rendered":"<ul>\n<li>serpentine facett\u00e9e 4mm<\/li>\n<li>Jade jaune rondelle 4mm<\/li>\n<li>Taille : 16 \u00e0 18 pouces<\/li>\n<li>Rallonge de Cha\u00eene en acier inoxydable plaqu\u00e9 or 18k<\/li>\n<li>Breloque Artefact en or<\/li>\n<\/ul>\n<p>&nbsp;<\/p>\n<p><strong>Selon les anciens Mayas,<\/strong><\/p>\n<p>La serpentine \u00e9tait appr\u00e9ci\u00e9e par les Mayas principalement pour ses qualit\u00e9s esth\u00e9tiques et sa signification symbolique. On croyait qu&rsquo;elles poss\u00e9daient des propri\u00e9t\u00e9s spirituelles susceptibles de prot\u00e9ger leur porteur et de les mettre en contact avec le divin. Elle \u00e9tait commun\u00e9ment port\u00e9 par les femmes, potentiellement pour indiquer un statut social ou des prouesses spirituelles.<\/p>\n","protected":false},"excerpt":{"rendered":"<p>serpentine facett\u00e9e 4mm Jade jaune rondelle 4mm Taille : 16 \u00e0 18 pouces Rallonge de Cha\u00eene en acier inoxydable plaqu\u00e9 or 18k Breloque Artefact en or &nbsp; Selon les anciens Mayas, La serpentine \u00e9tait appr\u00e9ci\u00e9e par les Mayas principalement pour ses qualit\u00e9s esth\u00e9tiques et sa signification symbolique. On croyait qu&rsquo;elles poss\u00e9daient des propri\u00e9t\u00e9s spirituelles susceptibles [&hellip;]<\/p>\n","protected":false},"featured_media":1861,"template":"","meta":[],"product_brand":[],"product_cat":[129,192,124,130],"product_tag":[135,179],"class_list":{"0":"post-2277","1":"product","2":"type-product","3":"status-publish","4":"has-post-thumbnail","6":"product_cat-colliers-fr","7":"product_cat-maya-fr-2","8":"product_cat-non-classe","9":"product_cat-tous-les-bijoux-pour-femmes","10":"product_tag-jade-fr","11":"product_tag-serpentine-fr","12":"pa_womens-necklaces-size-16-to-18-inch","13":"pa_womens-necklaces-size-18-to-20-inch","15":"first","16":"instock","17":"sale","18":"taxable","19":"shipping-taxable","20":"purchasable","21":"product-type-simple"},"_links":{"self":[{"href":"https:\/\/artefactjewelry.com\/fr\/wp-json\/wp\/v2\/product\/2277","targetHints":{"allow":["GET"]}}],"collection":[{"href":"https:\/\/artefactjewelry.com\/fr\/wp-json\/wp\/v2\/product"}],"about":[{"href":"https:\/\/artefactjewelry.com\/fr\/wp-json\/wp\/v2\/types\/product"}],"wp:featuredmedia":[{"embeddable":true,"href":"https:\/\/artefactjewelry.com\/fr\/wp-json\/wp\/v2\/media\/1861"}],"wp:attachment":[{"href":"https:\/\/artefactjewelry.com\/fr\/wp-json\/wp\/v2\/media?parent=2277"}],"wp:term":[{"taxonomy":"product_brand","embeddable":true,"href":"https:\/\/artefactjewelry.com\/fr\/wp-json\/wp\/v2\/product_brand?post=2277"},{"taxonomy":"product_cat","embeddable":true,"href":"https:\/\/artefactjewelry.com\/fr\/wp-json\/wp\/v2\/product_cat?post=2277"},{"taxonomy":"product_tag","embeddable":true,"href":"https:\/\/artefactjewelry.com\/fr\/wp-json\/wp\/v2\/product_tag?post=2277"}],"curies":[{"name":"wp","href":"https:\/\/api.w.org\/{rel}","templated":true}]}}