{"id":2278,"date":"2024-03-04T20:12:15","date_gmt":"2024-03-05T01:12:15","guid":{"rendered":"https:\/\/artefactjewelry.com\/product\/collier-en-jaspe-zebre-et-picasso-avec-agate-folle\/"},"modified":"2025-09-09T15:29:34","modified_gmt":"2025-09-09T19:29:34","slug":"collier-en-jaspe-zebre-et-picasso-avec-agate-folle","status":"publish","type":"product","link":"https:\/\/artefactjewelry.com\/fr\/produit\/collier-en-jaspe-zebre-et-picasso-avec-agate-folle\/","title":{"rendered":"Collier en Jaspe z\u00e9br\u00e9 et Picasso avec Agate folle"},"content":{"rendered":"<ul>\n<li>Jaspe z\u00e9br\u00e9 rond 6mm<\/li>\n<li>Jaspe Picasso rond 6mm<\/li>\n<li>Agate folle ronde 6mm<\/li>\n<li>Cordon en nylon avec n\u0153uds<\/li>\n<\/ul>\n<p>&nbsp;<\/p>\n<p><strong>Selon les anciens Mayas,<\/strong><\/p>\n<p>Le jaspe \u00e9tait souvent utilis\u00e9 pour cr\u00e9er des bijoux complexes, tels que des colliers et des pendentifs. La possession de tels objets \u00e9tait g\u00e9n\u00e9ralement r\u00e9serv\u00e9e \u00e0 l&rsquo;\u00e9lite, indiquant un statut social \u00e9lev\u00e9, le pouvoir et la richesse. On croyait que porter du jaspe pouvait favoriser la sant\u00e9 physique et spirituelle, offrant une protection contre les maladies et les \u00e9nergies n\u00e9gatives.<\/p>\n<p>&nbsp;<\/p>\n","protected":false},"excerpt":{"rendered":"<p>Jaspe z\u00e9br\u00e9 rond 6mm Jaspe Picasso rond 6mm Agate folle ronde 6mm Cordon en nylon avec n\u0153uds &nbsp; Selon les anciens Mayas, Le jaspe \u00e9tait souvent utilis\u00e9 pour cr\u00e9er des bijoux complexes, tels que des colliers et des pendentifs. La possession de tels objets \u00e9tait g\u00e9n\u00e9ralement r\u00e9serv\u00e9e \u00e0 l&rsquo;\u00e9lite, indiquant un statut social \u00e9lev\u00e9, le [&hellip;]<\/p>\n","protected":false},"featured_media":1675,"template":"","meta":[],"product_brand":[],"product_cat":[125,126,143],"product_tag":[178,149],"class_list":{"0":"post-2278","1":"product","2":"type-product","3":"status-publish","4":"has-post-thumbnail","6":"product_cat-colliers","7":"product_cat-tous-les-bijoux-pour-hommes","8":"product_cat-maya-fr","9":"product_tag-agate-fr","10":"product_tag-jaspe","11":"pa_mens-necklaces-size-26-inch","12":"pa_mens-necklaces-size-30-inch","13":"pa_mens-necklaces-size-36-inch","15":"first","16":"instock","17":"sale","18":"taxable","19":"shipping-taxable","20":"purchasable","21":"product-type-variable"},"_links":{"self":[{"href":"https:\/\/artefactjewelry.com\/fr\/wp-json\/wp\/v2\/product\/2278","targetHints":{"allow":["GET"]}}],"collection":[{"href":"https:\/\/artefactjewelry.com\/fr\/wp-json\/wp\/v2\/product"}],"about":[{"href":"https:\/\/artefactjewelry.com\/fr\/wp-json\/wp\/v2\/types\/product"}],"wp:featuredmedia":[{"embeddable":true,"href":"https:\/\/artefactjewelry.com\/fr\/wp-json\/wp\/v2\/media\/1675"}],"wp:attachment":[{"href":"https:\/\/artefactjewelry.com\/fr\/wp-json\/wp\/v2\/media?parent=2278"}],"wp:term":[{"taxonomy":"product_brand","embeddable":true,"href":"https:\/\/artefactjewelry.com\/fr\/wp-json\/wp\/v2\/product_brand?post=2278"},{"taxonomy":"product_cat","embeddable":true,"href":"https:\/\/artefactjewelry.com\/fr\/wp-json\/wp\/v2\/product_cat?post=2278"},{"taxonomy":"product_tag","embeddable":true,"href":"https:\/\/artefactjewelry.com\/fr\/wp-json\/wp\/v2\/product_tag?post=2278"}],"curies":[{"name":"wp","href":"https:\/\/api.w.org\/{rel}","templated":true}]}}