{"id":2282,"date":"2024-02-28T16:45:36","date_gmt":"2024-02-28T21:45:36","guid":{"rendered":"https:\/\/artefactjewelry.com\/product\/bracelet-multi-pierres-grises\/"},"modified":"2025-09-09T15:29:35","modified_gmt":"2025-09-09T19:29:35","slug":"bracelet-multi-pierres-grises","status":"publish","type":"product","link":"https:\/\/artefactjewelry.com\/fr\/produit\/bracelet-multi-pierres-grises\/","title":{"rendered":"Bracelet Multi-Pierres grises"},"content":{"rendered":"<ul>\n<li>Howlite 6mm<\/li>\n<li>Agate noire craquel\u00e9e 6mm<\/li>\n<li>Larvikite 6mm<\/li>\n<li>Spacer argent et gunmetal<\/li>\n<li>Cordon \u00e9lastique extensible<\/li>\n<li>Perle Artefact en argent<\/li>\n<\/ul>\n<p>&nbsp;<\/p>\n<p><strong>Selon la Gr\u00e8ce Antique,<\/strong><\/p>\n<p>L&rsquo;agate \u00e9tait v\u00e9n\u00e9r\u00e9e comme une pierre capable d&rsquo;\u00e9loigner les temp\u00eates, d&rsquo;apporter la victoire et de gu\u00e9rir les malades. Plus pr\u00e9cis\u00e9ment, l&rsquo;agate noire (et d&rsquo;autres pierres de couleur fonc\u00e9e) \u00e9tait consid\u00e9r\u00e9e puissante en raison de ses qualit\u00e9s protectrices et de sa capacit\u00e9 \u00e0 promouvoir le courage et la r\u00e9ussite dans des circonstances difficiles.<\/p>\n<p>&nbsp;<\/p>\n","protected":false},"excerpt":{"rendered":"<p>Howlite 6mm Agate noire craquel\u00e9e 6mm Larvikite 6mm Spacer argent et gunmetal Cordon \u00e9lastique extensible Perle Artefact en argent &nbsp; Selon la Gr\u00e8ce Antique, L&rsquo;agate \u00e9tait v\u00e9n\u00e9r\u00e9e comme une pierre capable d&rsquo;\u00e9loigner les temp\u00eates, d&rsquo;apporter la victoire et de gu\u00e9rir les malades. Plus pr\u00e9cis\u00e9ment, l&rsquo;agate noire (et d&rsquo;autres pierres de couleur fonc\u00e9e) \u00e9tait consid\u00e9r\u00e9e puissante [&hellip;]<\/p>\n","protected":false},"featured_media":2542,"template":"","meta":[],"product_brand":[],"product_cat":[159,127,126,142],"product_tag":[178,183,198,189,201],"class_list":{"0":"post-2282","1":"product","2":"type-product","3":"status-publish","4":"has-post-thumbnail","6":"product_cat-bracelets-fr","7":"product_cat-grecque","8":"product_cat-tous-les-bijoux-pour-hommes","9":"product_cat-homme","10":"product_tag-agate-fr","11":"product_tag-gris-fr","12":"product_tag-howlite-fr","13":"product_tag-largent","14":"product_tag-larvikite-fr-2","15":"pa_mens-bracelets-size-small-7-inch","16":"pa_mens-bracelets-size-medium-7-1-2-inch","17":"pa_mens-bracelets-size-large-7-3-4-inch","18":"pa_mens-bracelets-size-x-large-8-inch","20":"first","21":"instock","22":"sale","23":"taxable","24":"shipping-taxable","25":"purchasable","26":"product-type-variable"},"_links":{"self":[{"href":"https:\/\/artefactjewelry.com\/fr\/wp-json\/wp\/v2\/product\/2282","targetHints":{"allow":["GET"]}}],"collection":[{"href":"https:\/\/artefactjewelry.com\/fr\/wp-json\/wp\/v2\/product"}],"about":[{"href":"https:\/\/artefactjewelry.com\/fr\/wp-json\/wp\/v2\/types\/product"}],"wp:featuredmedia":[{"embeddable":true,"href":"https:\/\/artefactjewelry.com\/fr\/wp-json\/wp\/v2\/media\/2542"}],"wp:attachment":[{"href":"https:\/\/artefactjewelry.com\/fr\/wp-json\/wp\/v2\/media?parent=2282"}],"wp:term":[{"taxonomy":"product_brand","embeddable":true,"href":"https:\/\/artefactjewelry.com\/fr\/wp-json\/wp\/v2\/product_brand?post=2282"},{"taxonomy":"product_cat","embeddable":true,"href":"https:\/\/artefactjewelry.com\/fr\/wp-json\/wp\/v2\/product_cat?post=2282"},{"taxonomy":"product_tag","embeddable":true,"href":"https:\/\/artefactjewelry.com\/fr\/wp-json\/wp\/v2\/product_tag?post=2282"}],"curies":[{"name":"wp","href":"https:\/\/api.w.org\/{rel}","templated":true}]}}