{"id":2287,"date":"2024-02-28T16:43:17","date_gmt":"2024-02-28T21:43:17","guid":{"rendered":"https:\/\/artefactjewelry.com\/product\/bracelet-sleak-en-onyx-et-grenat\/"},"modified":"2025-09-09T15:29:36","modified_gmt":"2025-09-09T19:29:36","slug":"bracelet-sleak-en-onyx-et-grenat","status":"publish","type":"product","link":"https:\/\/artefactjewelry.com\/fr\/produit\/bracelet-sleak-en-onyx-et-grenat\/","title":{"rendered":"Bracelet Sleak en Onyx et Grenat"},"content":{"rendered":"<ul>\n<li>Grenat rond 6mm<\/li>\n<li>Onyx rond 6mm<\/li>\n<li>Onyx carr\u00e9 5mm<\/li>\n<li>Spacer en h\u00e9matite 4mm<\/li>\n<li>Cordon \u00e9lastique extensible<\/li>\n<li>Perle Artefact Gunmetal<\/li>\n<\/ul>\n<p>&nbsp;<\/p>\n<p><strong>Selon la Gr\u00e8ce Antique,<\/strong><\/p>\n<p>Le Grenat, d&rsquo;un rouge profond, a \u00e9t\u00e9 ch\u00e9rie tout au long de l&rsquo;histoire pour sa beaut\u00e9 et ses pr\u00e9tendues propri\u00e9t\u00e9s mystiques. On pensait \u00e9galement que le grenat donnait de l&rsquo;\u00e9nergie \u00e0 ceux qui le portaient, stimulant l&rsquo;enthousiasme, la force et l&rsquo;endurance. Il \u00e9tait cens\u00e9 aider le porteur \u00e0 faire face aux situations difficiles avec bravoure et ing\u00e9niosit\u00e9. Li\u00e9 \u00e0 l&rsquo;histoire mythologique de Pers\u00e9phone.<\/p>\n","protected":false},"excerpt":{"rendered":"<p>Grenat rond 6mm Onyx rond 6mm Onyx carr\u00e9 5mm Spacer en h\u00e9matite 4mm Cordon \u00e9lastique extensible Perle Artefact Gunmetal &nbsp; Selon la Gr\u00e8ce Antique, Le Grenat, d&rsquo;un rouge profond, a \u00e9t\u00e9 ch\u00e9rie tout au long de l&rsquo;histoire pour sa beaut\u00e9 et ses pr\u00e9tendues propri\u00e9t\u00e9s mystiques. On pensait \u00e9galement que le grenat donnait de l&rsquo;\u00e9nergie \u00e0 [&hellip;]<\/p>\n","protected":false},"featured_media":1746,"template":"","meta":[],"product_brand":[],"product_cat":[159,127,126],"product_tag":[152,156,160,151],"class_list":{"0":"post-2287","1":"product","2":"type-product","3":"status-publish","4":"has-post-thumbnail","6":"product_cat-bracelets-fr","7":"product_cat-grecque","8":"product_cat-tous-les-bijoux-pour-hommes","9":"product_tag-grenat","10":"product_tag-noir-fr","11":"product_tag-onyx-fr","12":"product_tag-rouge-fr","13":"pa_mens-bracelets-size-small-7-inch","14":"pa_mens-bracelets-size-medium-7-1-2-inch","15":"pa_mens-bracelets-size-large-7-3-4-inch","16":"pa_mens-bracelets-size-x-large-8-inch","17":"pa_mens-bracelets-size-xx-large-8-1-2","19":"first","20":"instock","21":"sale","22":"taxable","23":"shipping-taxable","24":"purchasable","25":"product-type-variable"},"_links":{"self":[{"href":"https:\/\/artefactjewelry.com\/fr\/wp-json\/wp\/v2\/product\/2287","targetHints":{"allow":["GET"]}}],"collection":[{"href":"https:\/\/artefactjewelry.com\/fr\/wp-json\/wp\/v2\/product"}],"about":[{"href":"https:\/\/artefactjewelry.com\/fr\/wp-json\/wp\/v2\/types\/product"}],"wp:featuredmedia":[{"embeddable":true,"href":"https:\/\/artefactjewelry.com\/fr\/wp-json\/wp\/v2\/media\/1746"}],"wp:attachment":[{"href":"https:\/\/artefactjewelry.com\/fr\/wp-json\/wp\/v2\/media?parent=2287"}],"wp:term":[{"taxonomy":"product_brand","embeddable":true,"href":"https:\/\/artefactjewelry.com\/fr\/wp-json\/wp\/v2\/product_brand?post=2287"},{"taxonomy":"product_cat","embeddable":true,"href":"https:\/\/artefactjewelry.com\/fr\/wp-json\/wp\/v2\/product_cat?post=2287"},{"taxonomy":"product_tag","embeddable":true,"href":"https:\/\/artefactjewelry.com\/fr\/wp-json\/wp\/v2\/product_tag?post=2287"}],"curies":[{"name":"wp","href":"https:\/\/api.w.org\/{rel}","templated":true}]}}