{"id":2293,"date":"2024-02-28T16:24:34","date_gmt":"2024-02-28T21:24:34","guid":{"rendered":"https:\/\/artefactjewelry.com\/product\/bracelet-de-jaspe-sesame-et-jaspe-jaune\/"},"modified":"2025-09-09T15:29:37","modified_gmt":"2025-09-09T19:29:37","slug":"bracelet-de-jaspe-sesame-et-jaspe-jaune","status":"publish","type":"product","link":"https:\/\/artefactjewelry.com\/fr\/produit\/bracelet-de-jaspe-sesame-et-jaspe-jaune\/","title":{"rendered":"Bracelet en Jaspe jaune et s\u00e9same avec spacer Gunmetal"},"content":{"rendered":"<ul>\n<li>Jaspe gris s\u00e9same rond 6mm<\/li>\n<li>Jaspe jaune rond 6mm<\/li>\n<li>Spacer Gunmetal Mat 6mm<\/li>\n<li>Cordon \u00e9lastique extensible<\/li>\n<li>Perle Artefact Gunmetal<\/li>\n<\/ul>\n<p>&nbsp;<\/p>\n<p><strong>Selon la Gr\u00e8ce Antique,<\/strong><\/p>\n<p>Le nom Jaspe est d\u00e9riv\u00e9 du mot grec iaspis, qui signifie \u00ab\u00a0pierre tachet\u00e9e\u00a0\u00bb. Le jaspe \u00e9tait souvent port\u00e9 par les soldats qui partaient au combat, car on lui attribuait des vertus de courage, de calme et de protection. Le jaspe jaune \u00e9tait associ\u00e9 \u00e0 la puissance et \u00e0 la pr\u00e9sence du soleil.<\/p>\n<p>&nbsp;<\/p>\n","protected":false},"excerpt":{"rendered":"<p>Jaspe gris s\u00e9same rond 6mm Jaspe jaune rond 6mm Spacer Gunmetal Mat 6mm Cordon \u00e9lastique extensible Perle Artefact Gunmetal &nbsp; Selon la Gr\u00e8ce Antique, Le nom Jaspe est d\u00e9riv\u00e9 du mot grec iaspis, qui signifie \u00ab\u00a0pierre tachet\u00e9e\u00a0\u00bb. Le jaspe \u00e9tait souvent port\u00e9 par les soldats qui partaient au combat, car on lui attribuait des vertus [&hellip;]<\/p>\n","protected":false},"featured_media":1750,"template":"","meta":[],"product_brand":[],"product_cat":[159,127,126],"product_tag":[183,149,176,202],"class_list":{"0":"post-2293","1":"product","2":"type-product","3":"status-publish","4":"has-post-thumbnail","6":"product_cat-bracelets-fr","7":"product_cat-grecque","8":"product_cat-tous-les-bijoux-pour-hommes","9":"product_tag-gris-fr","10":"product_tag-jaspe","11":"product_tag-jaune-fr","12":"product_tag-sesame-fr","13":"pa_mens-bracelets-size-small-7-inch","14":"pa_mens-bracelets-size-medium-7-1-2-inch","15":"pa_mens-bracelets-size-large-7-3-4-inch","16":"pa_mens-bracelets-size-x-large-8-inch","17":"pa_mens-bracelets-size-xx-large-8-1-2","19":"first","20":"instock","21":"sale","22":"taxable","23":"shipping-taxable","24":"purchasable","25":"product-type-variable"},"_links":{"self":[{"href":"https:\/\/artefactjewelry.com\/fr\/wp-json\/wp\/v2\/product\/2293","targetHints":{"allow":["GET"]}}],"collection":[{"href":"https:\/\/artefactjewelry.com\/fr\/wp-json\/wp\/v2\/product"}],"about":[{"href":"https:\/\/artefactjewelry.com\/fr\/wp-json\/wp\/v2\/types\/product"}],"wp:featuredmedia":[{"embeddable":true,"href":"https:\/\/artefactjewelry.com\/fr\/wp-json\/wp\/v2\/media\/1750"}],"wp:attachment":[{"href":"https:\/\/artefactjewelry.com\/fr\/wp-json\/wp\/v2\/media?parent=2293"}],"wp:term":[{"taxonomy":"product_brand","embeddable":true,"href":"https:\/\/artefactjewelry.com\/fr\/wp-json\/wp\/v2\/product_brand?post=2293"},{"taxonomy":"product_cat","embeddable":true,"href":"https:\/\/artefactjewelry.com\/fr\/wp-json\/wp\/v2\/product_cat?post=2293"},{"taxonomy":"product_tag","embeddable":true,"href":"https:\/\/artefactjewelry.com\/fr\/wp-json\/wp\/v2\/product_tag?post=2293"}],"curies":[{"name":"wp","href":"https:\/\/api.w.org\/{rel}","templated":true}]}}