{"id":2299,"date":"2024-02-28T16:20:32","date_gmt":"2024-02-28T21:20:32","guid":{"rendered":"https:\/\/artefactjewelry.com\/product\/bracelet-de-jaspe-picasso-gris-et-bleu-avec-spacer-gunmetal\/"},"modified":"2025-09-09T15:29:38","modified_gmt":"2025-09-09T19:29:38","slug":"bracelet-de-jaspe-picasso-gris-et-bleu-avec-spacer-gunmetal","status":"publish","type":"product","link":"https:\/\/artefactjewelry.com\/fr\/produit\/bracelet-de-jaspe-picasso-gris-et-bleu-avec-spacer-gunmetal\/","title":{"rendered":"Bracelet de Jaspe Picasso Gris et Bleu avec spacer Gunmetal"},"content":{"rendered":"<ul>\n<li>Jaspe gris Picasso rond 6mm<\/li>\n<li>Jaspe bleu Picasso rond 6mm<\/li>\n<li>spacer Gunmetal Mat 6mm<\/li>\n<li>Cordon \u00e9lastique extensible<\/li>\n<li>Perle Artefact Gunmetal<\/li>\n<\/ul>\n<p>&nbsp;<\/p>\n<p><strong>Selon la Gr\u00e8ce Antique,<\/strong><\/p>\n<p>Le jaspe bleu \u00e9tait rare et donc tr\u00e8s pris\u00e9. Les Grecs associaient la couleur bleue au ciel et \u00e0 la mer (royaumes des dieux), donnant ainsi au jaspe bleu une connotation divine. On attribuait aux pierres bleues, dont le jaspe, des propri\u00e9t\u00e9s apaisantes susceptibles de calmer l&rsquo;esprit et de r\u00e9tablir l&rsquo;\u00e9quilibre.<\/p>\n<p>&nbsp;<\/p>\n","protected":false},"excerpt":{"rendered":"<p>Jaspe gris Picasso rond 6mm Jaspe bleu Picasso rond 6mm spacer Gunmetal Mat 6mm Cordon \u00e9lastique extensible Perle Artefact Gunmetal &nbsp; Selon la Gr\u00e8ce Antique, Le jaspe bleu \u00e9tait rare et donc tr\u00e8s pris\u00e9. Les Grecs associaient la couleur bleue au ciel et \u00e0 la mer (royaumes des dieux), donnant ainsi au jaspe bleu une [&hellip;]<\/p>\n","protected":false},"featured_media":1749,"template":"","meta":[],"product_brand":[],"product_cat":[159,127,126,142],"product_tag":[166,183,149,203],"class_list":{"0":"post-2299","1":"product","2":"type-product","3":"status-publish","4":"has-post-thumbnail","6":"product_cat-bracelets-fr","7":"product_cat-grecque","8":"product_cat-tous-les-bijoux-pour-hommes","9":"product_cat-homme","10":"product_tag-bleu-fr","11":"product_tag-gris-fr","12":"product_tag-jaspe","13":"product_tag-picasso-fr","14":"pa_mens-bracelets-size-small-7-inch","15":"pa_mens-bracelets-size-medium-7-1-2-inch","16":"pa_mens-bracelets-size-large-7-3-4-inch","17":"pa_mens-bracelets-size-x-large-8-inch","18":"pa_mens-bracelets-size-xx-large-8-1-2","20":"first","21":"instock","22":"sale","23":"taxable","24":"shipping-taxable","25":"purchasable","26":"product-type-variable"},"_links":{"self":[{"href":"https:\/\/artefactjewelry.com\/fr\/wp-json\/wp\/v2\/product\/2299","targetHints":{"allow":["GET"]}}],"collection":[{"href":"https:\/\/artefactjewelry.com\/fr\/wp-json\/wp\/v2\/product"}],"about":[{"href":"https:\/\/artefactjewelry.com\/fr\/wp-json\/wp\/v2\/types\/product"}],"wp:featuredmedia":[{"embeddable":true,"href":"https:\/\/artefactjewelry.com\/fr\/wp-json\/wp\/v2\/media\/1749"}],"wp:attachment":[{"href":"https:\/\/artefactjewelry.com\/fr\/wp-json\/wp\/v2\/media?parent=2299"}],"wp:term":[{"taxonomy":"product_brand","embeddable":true,"href":"https:\/\/artefactjewelry.com\/fr\/wp-json\/wp\/v2\/product_brand?post=2299"},{"taxonomy":"product_cat","embeddable":true,"href":"https:\/\/artefactjewelry.com\/fr\/wp-json\/wp\/v2\/product_cat?post=2299"},{"taxonomy":"product_tag","embeddable":true,"href":"https:\/\/artefactjewelry.com\/fr\/wp-json\/wp\/v2\/product_tag?post=2299"}],"curies":[{"name":"wp","href":"https:\/\/api.w.org\/{rel}","templated":true}]}}