{"id":2305,"date":"2024-02-28T16:14:50","date_gmt":"2024-02-28T21:14:50","guid":{"rendered":"https:\/\/artefactjewelry.com\/product\/bracelet-de-lapis-lazuli-et-larvikite-avec-spacer-argent-et-noir\/"},"modified":"2025-09-09T15:29:39","modified_gmt":"2025-09-09T19:29:39","slug":"bracelet-de-lapis-lazuli-et-larvikite-avec-spacer-argent-et-noir","status":"publish","type":"product","link":"https:\/\/artefactjewelry.com\/fr\/produit\/bracelet-de-lapis-lazuli-et-larvikite-avec-spacer-argent-et-noir\/","title":{"rendered":"Bracelet de Lapis Lazuli et Larvikite avec spacer Argent et Noir"},"content":{"rendered":"<ul>\n<li>Lapis Lazuli rond 6mm<\/li>\n<li>Larvikite rond 6mm<\/li>\n<li>Spacer argent et noire 6mm<\/li>\n<li>Cordon \u00e9lastique extensible<\/li>\n<li>Perle Artefact en argent<\/li>\n<\/ul>\n<p>&nbsp;<\/p>\n<p><strong>Selon la Gr\u00e8ce antique,<\/strong><\/p>\n<p>Le Lapis-lazuli est universellement symbolis\u00e9 comme une pierre de sagesse et de v\u00e9rit\u00e9. Il \u00e9tait associ\u00e9 \u00e0 la sph\u00e8re c\u00e9leste en raison de sa couleur bleu profond, rappelant le ciel nocturne. On pensait qu&rsquo;il favorisait la clart\u00e9 de l&rsquo;esprit, am\u00e9liorait la m\u00e9moire et encourageait l&rsquo;honn\u00eatet\u00e9 de l&rsquo;esprit.<\/p>\n<p>&nbsp;<\/p>\n","protected":false},"excerpt":{"rendered":"<p>Lapis Lazuli rond 6mm Larvikite rond 6mm Spacer argent et noire 6mm Cordon \u00e9lastique extensible Perle Artefact en argent &nbsp; Selon la Gr\u00e8ce antique, Le Lapis-lazuli est universellement symbolis\u00e9 comme une pierre de sagesse et de v\u00e9rit\u00e9. Il \u00e9tait associ\u00e9 \u00e0 la sph\u00e8re c\u00e9leste en raison de sa couleur bleu profond, rappelant le ciel nocturne. [&hellip;]<\/p>\n","protected":false},"featured_media":1748,"template":"","meta":[],"product_brand":[],"product_cat":[159,127,126],"product_tag":[166,183,165,201],"class_list":{"0":"post-2305","1":"product","2":"type-product","3":"status-publish","4":"has-post-thumbnail","6":"product_cat-bracelets-fr","7":"product_cat-grecque","8":"product_cat-tous-les-bijoux-pour-hommes","9":"product_tag-bleu-fr","10":"product_tag-gris-fr","11":"product_tag-lapis-lazuli-fr","12":"product_tag-larvikite-fr-2","13":"pa_mens-bracelets-size-small-7-inch","14":"pa_mens-bracelets-size-medium-7-1-2-inch","15":"pa_mens-bracelets-size-large-7-3-4-inch","16":"pa_mens-bracelets-size-x-large-8-inch","17":"pa_mens-bracelets-size-xx-large-8-1-2","19":"first","20":"instock","21":"sale","22":"taxable","23":"shipping-taxable","24":"purchasable","25":"product-type-variable"},"_links":{"self":[{"href":"https:\/\/artefactjewelry.com\/fr\/wp-json\/wp\/v2\/product\/2305","targetHints":{"allow":["GET"]}}],"collection":[{"href":"https:\/\/artefactjewelry.com\/fr\/wp-json\/wp\/v2\/product"}],"about":[{"href":"https:\/\/artefactjewelry.com\/fr\/wp-json\/wp\/v2\/types\/product"}],"wp:featuredmedia":[{"embeddable":true,"href":"https:\/\/artefactjewelry.com\/fr\/wp-json\/wp\/v2\/media\/1748"}],"wp:attachment":[{"href":"https:\/\/artefactjewelry.com\/fr\/wp-json\/wp\/v2\/media?parent=2305"}],"wp:term":[{"taxonomy":"product_brand","embeddable":true,"href":"https:\/\/artefactjewelry.com\/fr\/wp-json\/wp\/v2\/product_brand?post=2305"},{"taxonomy":"product_cat","embeddable":true,"href":"https:\/\/artefactjewelry.com\/fr\/wp-json\/wp\/v2\/product_cat?post=2305"},{"taxonomy":"product_tag","embeddable":true,"href":"https:\/\/artefactjewelry.com\/fr\/wp-json\/wp\/v2\/product_tag?post=2305"}],"curies":[{"name":"wp","href":"https:\/\/api.w.org\/{rel}","templated":true}]}}