{"id":2609,"date":"2024-06-14T22:34:52","date_gmt":"2024-06-15T02:34:52","guid":{"rendered":"https:\/\/artefactjewelry.com\/product\/bracelet-donyx-essentiel\/"},"modified":"2025-09-09T15:28:08","modified_gmt":"2025-09-09T19:28:08","slug":"bracelet-donyx-essentiel","status":"publish","type":"product","link":"https:\/\/artefactjewelry.com\/fr\/produit\/bracelet-donyx-essentiel\/","title":{"rendered":"Bracelet Essentiel d&rsquo;Onyx"},"content":{"rendered":"<ul>\n<li>Onyx mat rond 6mm<\/li>\n<li>Onyx rond 6mm<\/li>\n<li>Perle Artefact gunmetal<\/li>\n<li>Cordon \u00e9lastique extensible<\/li>\n<\/ul>\n<p>&nbsp;<\/p>\n<p><strong>Selon la Gr\u00e8ce antique,<\/strong><\/p>\n<p>L&rsquo;onyx \u00e9tait profond\u00e9ment li\u00e9 aux mythes et aux croyances concernant la protection et la force. Une histoire notable concerne la d\u00e9esse V\u00e9nus. Selon la mythologie, alors que V\u00e9nus \u00e9tait endormie, Cupidon lui coupa les ongles divins avec une pointe de fl\u00e8che. Les copeaux tomb\u00e8rent dans le fleuve sacr\u00e9 Indus, o\u00f9 ils se transform\u00e8rent en onyx. Ce mythe associe l&rsquo;onyx \u00e0 l&rsquo;amour et \u00e0 la protection, V\u00e9nus incarnant elle-m\u00eame la beaut\u00e9 et l&rsquo;affection.<\/p>\n","protected":false},"excerpt":{"rendered":"<p>Onyx mat rond 6mm Onyx rond 6mm Perle Artefact gunmetal Cordon \u00e9lastique extensible &nbsp; Selon la Gr\u00e8ce antique, L&rsquo;onyx \u00e9tait profond\u00e9ment li\u00e9 aux mythes et aux croyances concernant la protection et la force. Une histoire notable concerne la d\u00e9esse V\u00e9nus. Selon la mythologie, alors que V\u00e9nus \u00e9tait endormie, Cupidon lui coupa les ongles divins avec [&hellip;]<\/p>\n","protected":false},"featured_media":2536,"template":"","meta":[],"product_brand":[],"product_cat":[159,127,126,142],"product_tag":[160],"class_list":{"0":"post-2609","1":"product","2":"type-product","3":"status-publish","4":"has-post-thumbnail","6":"product_cat-bracelets-fr","7":"product_cat-grecque","8":"product_cat-tous-les-bijoux-pour-hommes","9":"product_cat-homme","10":"product_tag-onyx-fr","11":"pa_mens-bracelets-size-small-7-inch","12":"pa_mens-bracelets-size-medium-7-1-2-inch","13":"pa_mens-bracelets-size-large-7-3-4-inch","14":"pa_mens-bracelets-size-x-large-8-inch","15":"pa_mens-bracelets-size-xx-large-8-1-2","17":"first","18":"instock","19":"sale","20":"taxable","21":"shipping-taxable","22":"purchasable","23":"product-type-variable"},"_links":{"self":[{"href":"https:\/\/artefactjewelry.com\/fr\/wp-json\/wp\/v2\/product\/2609","targetHints":{"allow":["GET"]}}],"collection":[{"href":"https:\/\/artefactjewelry.com\/fr\/wp-json\/wp\/v2\/product"}],"about":[{"href":"https:\/\/artefactjewelry.com\/fr\/wp-json\/wp\/v2\/types\/product"}],"wp:featuredmedia":[{"embeddable":true,"href":"https:\/\/artefactjewelry.com\/fr\/wp-json\/wp\/v2\/media\/2536"}],"wp:attachment":[{"href":"https:\/\/artefactjewelry.com\/fr\/wp-json\/wp\/v2\/media?parent=2609"}],"wp:term":[{"taxonomy":"product_brand","embeddable":true,"href":"https:\/\/artefactjewelry.com\/fr\/wp-json\/wp\/v2\/product_brand?post=2609"},{"taxonomy":"product_cat","embeddable":true,"href":"https:\/\/artefactjewelry.com\/fr\/wp-json\/wp\/v2\/product_cat?post=2609"},{"taxonomy":"product_tag","embeddable":true,"href":"https:\/\/artefactjewelry.com\/fr\/wp-json\/wp\/v2\/product_tag?post=2609"}],"curies":[{"name":"wp","href":"https:\/\/api.w.org\/{rel}","templated":true}]}}