{"id":3296,"date":"2025-04-08T15:36:46","date_gmt":"2025-04-08T19:36:46","guid":{"rendered":"https:\/\/artefactjewelry.com\/product\/bracelet-reglable-oeil-de-tigre-et-onyx-mat-bleu-nuit\/"},"modified":"2025-09-09T15:28:07","modified_gmt":"2025-09-09T19:28:07","slug":"bracelet-reglable-oeil-de-tigre-et-onyx-mat-bleu-nuit","status":"publish","type":"product","link":"https:\/\/artefactjewelry.com\/fr\/produit\/bracelet-reglable-oeil-de-tigre-et-onyx-mat-bleu-nuit\/","title":{"rendered":"Bracelet r\u00e9glable Oeil de tigre et Onyx mat bleu nuit"},"content":{"rendered":"<ul>\n<li>Oeil de tigre bleu rond 6mm<\/li>\n<li>Onyx noir mat rond 6mm<\/li>\n<li>Nameplate Artefact Gunmetal<\/li>\n<li>Cordon en nylon ajustable<\/li>\n<\/ul>\n<p>&nbsp;<\/p>\n<p><strong>Selon la Gr\u00e8ce antique,<\/strong><\/p>\n<p class=\"\" data-start=\"479\" data-end=\"831\">Les guerriers et les mystiques portaient des pierres de ce type pour \u00eatre \u00e9clair\u00e9s dans l&rsquo;obscurit\u00e9, au sens propre comme au sens figur\u00e9. L&rsquo;<strong data-start=\"594\" data-end=\"612\">\u0153il de tigre bleu<\/strong>, \u00e9galement connu sous le nom d&rsquo;<strong data-start=\"628\" data-end=\"642\">\u0153il de faucon<\/strong>, \u00e9tait cens\u00e9 aiguiser la vision et la perception int\u00e9rieure, guidant le porteur comme un gardien de nuit sous la lune. L&rsquo;<strong data-start=\"753\" data-end=\"761\">onyx<\/strong>, terre et protecteur, agit comme un bouclier contre les \u00e9nergies n\u00e9gatives.<\/p>\n<p class=\"\" data-start=\"833\" data-end=\"980\">Ensemble, ils forment un talisman pour ceux qui suivent leur chemin avec une confiance silencieuse, les yeux ouverts sur l&rsquo;invisible, l&rsquo;esprit stable comme le ciel \u00e0 minuit.<\/p>\n","protected":false},"excerpt":{"rendered":"<p>Oeil de tigre bleu rond 6mm Onyx noir mat rond 6mm Nameplate Artefact Gunmetal Cordon en nylon ajustable &nbsp; Selon la Gr\u00e8ce antique, Les guerriers et les mystiques portaient des pierres de ce type pour \u00eatre \u00e9clair\u00e9s dans l&rsquo;obscurit\u00e9, au sens propre comme au sens figur\u00e9. L&rsquo;\u0153il de tigre bleu, \u00e9galement connu sous le nom [&hellip;]<\/p>\n","protected":false},"featured_media":3293,"template":"","meta":[],"product_brand":[],"product_cat":[159,127,126,142],"product_tag":[],"class_list":{"0":"post-3296","1":"product","2":"type-product","3":"status-publish","4":"has-post-thumbnail","6":"product_cat-bracelets-fr","7":"product_cat-grecque","8":"product_cat-tous-les-bijoux-pour-hommes","9":"product_cat-homme","10":"pa_mens-bracelets-size-small-7-inch","11":"pa_mens-bracelets-size-medium-7-1-2-inch","12":"pa_mens-bracelets-size-large-7-3-4-inch","13":"pa_mens-bracelets-size-x-large-8-inch","14":"pa_mens-bracelets-size-xx-large-8-1-2","16":"first","17":"instock","18":"sale","19":"taxable","20":"shipping-taxable","21":"purchasable","22":"product-type-variable"},"_links":{"self":[{"href":"https:\/\/artefactjewelry.com\/fr\/wp-json\/wp\/v2\/product\/3296","targetHints":{"allow":["GET"]}}],"collection":[{"href":"https:\/\/artefactjewelry.com\/fr\/wp-json\/wp\/v2\/product"}],"about":[{"href":"https:\/\/artefactjewelry.com\/fr\/wp-json\/wp\/v2\/types\/product"}],"wp:featuredmedia":[{"embeddable":true,"href":"https:\/\/artefactjewelry.com\/fr\/wp-json\/wp\/v2\/media\/3293"}],"wp:attachment":[{"href":"https:\/\/artefactjewelry.com\/fr\/wp-json\/wp\/v2\/media?parent=3296"}],"wp:term":[{"taxonomy":"product_brand","embeddable":true,"href":"https:\/\/artefactjewelry.com\/fr\/wp-json\/wp\/v2\/product_brand?post=3296"},{"taxonomy":"product_cat","embeddable":true,"href":"https:\/\/artefactjewelry.com\/fr\/wp-json\/wp\/v2\/product_cat?post=3296"},{"taxonomy":"product_tag","embeddable":true,"href":"https:\/\/artefactjewelry.com\/fr\/wp-json\/wp\/v2\/product_tag?post=3296"}],"curies":[{"name":"wp","href":"https:\/\/api.w.org\/{rel}","templated":true}]}}